{"id":10,"date":"2020-09-10T17:11:29","date_gmt":"2020-09-10T15:11:29","guid":{"rendered":"http:\/\/evaluation.academy\/?page_id=10"},"modified":"2026-02-20T11:52:42","modified_gmt":"2026-02-20T10:52:42","slug":"home","status":"publish","type":"page","link":"https:\/\/evaluation.academy\/en\/","title":{"rendered":"Home"},"content":{"rendered":"<div data-elementor-type=\"wp-page\" data-elementor-id=\"10\" class=\"elementor elementor-10\" data-elementor-settings=\"[]\">\n\t\t\t\t\t\t<div class=\"elementor-inner\">\n\t\t\t\t\t\t\t<div class=\"elementor-section-wrap\">\n\t\t\t\t\t\t\t<section class=\"elementor-section elementor-top-section elementor-element elementor-element-4fc0838 elementor-section-full_width elementor-section-height-min-height elementor-section-height-default elementor-section-items-middle\" data-id=\"4fc0838\" data-element_type=\"section\" data-settings=\"{&quot;background_background&quot;:&quot;classic&quot;}\">\n\t\t\t\t\t\t\t<div class=\"elementor-background-overlay\"><\/div>\n\t\t\t\t\t\t\t<div class=\"elementor-container elementor-column-gap-default\">\n\t\t\t\t\t\t\t<div class=\"elementor-row\">\n\t\t\t\t\t<div class=\"elementor-column elementor-col-100 elementor-top-column elementor-element elementor-element-f3144b2\" data-id=\"f3144b2\" data-element_type=\"column\">\n\t\t\t<div class=\"elementor-column-wrap elementor-element-populated\">\n\t\t\t\t\t\t\t<div class=\"elementor-widget-wrap\">\n\t\t\t\t\t\t<div class=\"elementor-element elementor-element-f359ef8 animated-slow elementor-invisible elementor-widget elementor-widget-heading\" data-id=\"f359ef8\" data-element_type=\"widget\" data-settings=\"{&quot;_animation&quot;:&quot;fadeIn&quot;,&quot;_animation_delay&quot;:300}\" data-widget_type=\"heading.default\">\n\t\t\t\t<div class=\"elementor-widget-container\">\n\t\t\t<h1 class=\"elementor-heading-title elementor-size-large translation-block\">A place for<br><b>evaluation<\/b><\/h1>\t\t<\/div>\n\t\t\t\t<\/div>\n\t\t\t\t\t\t<\/div>\n\t\t\t\t\t<\/div>\n\t\t<\/div>\n\t\t\t\t\t\t\t\t<\/div>\n\t\t\t\t\t<\/div>\n\t\t<\/section>\n\t\t\t\t<section class=\"elementor-section elementor-top-section elementor-element elementor-element-c29778b elementor-section-content-middle elementor-section-boxed elementor-section-height-default elementor-section-height-default\" data-id=\"c29778b\" data-element_type=\"section\">\n\t\t\t\t\t\t<div class=\"elementor-container elementor-column-gap-default\">\n\t\t\t\t\t\t\t<div class=\"elementor-row\">\n\t\t\t\t\t<div class=\"elementor-column elementor-col-100 elementor-top-column elementor-element elementor-element-3bad29a\" data-id=\"3bad29a\" data-element_type=\"column\">\n\t\t\t<div class=\"elementor-column-wrap elementor-element-populated\">\n\t\t\t\t\t\t\t<div class=\"elementor-widget-wrap\">\n\t\t\t\t\t\t<div class=\"elementor-element elementor-element-637fad6 elementor-widget__width-inherit elementor-widget elementor-widget-text-editor\" data-id=\"637fad6\" data-element_type=\"widget\" data-widget_type=\"text-editor.default\">\n\t\t\t\t<div class=\"elementor-widget-container\">\n\t\t\t\t\t<div class=\"elementor-text-editor elementor-clearfix\"><p><b>The European Evaluation Academy (EEA)<br \/><\/b>is a transnational competence and training centre for evaluation. It is directed both at evaluators and those responsible for evaluations, as well as those interested in learning more about evaluation.<\/p><\/div>\n\t\t\t\t<\/div>\n\t\t\t\t<\/div>\n\t\t\t\t\t\t<\/div>\n\t\t\t\t\t<\/div>\n\t\t<\/div>\n\t\t\t\t\t\t\t\t<\/div>\n\t\t\t\t\t<\/div>\n\t\t<\/section>\n\t\t\t\t<section class=\"elementor-section elementor-top-section elementor-element elementor-element-86c60fd elementor-section-boxed elementor-section-height-default elementor-section-height-default\" data-id=\"86c60fd\" data-element_type=\"section\" data-settings=\"{&quot;background_background&quot;:&quot;classic&quot;}\">\n\t\t\t\t\t\t<div class=\"elementor-container elementor-column-gap-wide\">\n\t\t\t\t\t\t\t<div class=\"elementor-row\">\n\t\t\t\t\t<div class=\"elementor-column elementor-col-33 elementor-top-column elementor-element elementor-element-623d0ef\" data-id=\"623d0ef\" data-element_type=\"column\">\n\t\t\t<div class=\"elementor-column-wrap elementor-element-populated\">\n\t\t\t\t\t\t\t<div class=\"elementor-widget-wrap\">\n\t\t\t\t\t\t<div class=\"elementor-element elementor-element-5926560 elementor-widget elementor-widget-image\" data-id=\"5926560\" data-element_type=\"widget\" data-widget_type=\"image.default\">\n\t\t\t\t<div class=\"elementor-widget-container\">\n\t\t\t\t\t<div class=\"elementor-image\">\n\t\t\t\t\t\t\t\t\t\t<img width=\"2067\" height=\"2067\" src=\"https:\/\/evaluation.academy\/wp-content\/uploads\/2020\/09\/icon_ausbildung.png\" class=\"attachment-full size-full\" alt=\"\" loading=\"lazy\" srcset=\"https:\/\/evaluation.academy\/wp-content\/uploads\/2020\/09\/icon_ausbildung.png 2067w, https:\/\/evaluation.academy\/wp-content\/uploads\/2020\/09\/icon_ausbildung-300x300.png 300w, https:\/\/evaluation.academy\/wp-content\/uploads\/2020\/09\/icon_ausbildung-1024x1024.png 1024w, https:\/\/evaluation.academy\/wp-content\/uploads\/2020\/09\/icon_ausbildung-150x150.png 150w, https:\/\/evaluation.academy\/wp-content\/uploads\/2020\/09\/icon_ausbildung-768x768.png 768w, https:\/\/evaluation.academy\/wp-content\/uploads\/2020\/09\/icon_ausbildung-1536x1536.png 1536w, https:\/\/evaluation.academy\/wp-content\/uploads\/2020\/09\/icon_ausbildung-2048x2048.png 2048w\" sizes=\"(max-width: 2067px) 100vw, 2067px\" \/>\t\t\t\t\t\t\t\t\t\t\t<\/div>\n\t\t\t\t<\/div>\n\t\t\t\t<\/div>\n\t\t\t\t<div class=\"elementor-element elementor-element-570782d elementor-widget elementor-widget-heading\" data-id=\"570782d\" data-element_type=\"widget\" data-widget_type=\"heading.default\">\n\t\t\t\t<div class=\"elementor-widget-container\">\n\t\t\t<h2 class=\"elementor-heading-title elementor-size-default\">Training<\/h2>\t\t<\/div>\n\t\t\t\t<\/div>\n\t\t\t\t<div class=\"elementor-element elementor-element-359ad47 elementor-widget elementor-widget-text-editor\" data-id=\"359ad47\" data-element_type=\"widget\" data-widget_type=\"text-editor.default\">\n\t\t\t\t<div class=\"elementor-widget-container\">\n\t\t\t\t\t<div class=\"elementor-text-editor elementor-clearfix\"><p>The EEA offers courses for all levels. It focuses on evaluation-specific topics and competences.\u00a0<\/p><\/div>\n\t\t\t\t<\/div>\n\t\t\t\t<\/div>\n\t\t\t\t<div class=\"elementor-element elementor-element-ba81589 elementor-align-center elementor-widget elementor-widget-button\" data-id=\"ba81589\" data-element_type=\"widget\" data-widget_type=\"button.default\">\n\t\t\t\t<div class=\"elementor-widget-container\">\n\t\t\t\t\t<div class=\"elementor-button-wrapper\">\n\t\t\t<a href=\"https:\/\/evaluation.academy\/en\/aus-und-weiterbildung\/\" class=\"elementor-button-link elementor-button elementor-size-sm elementor-animation-float\" role=\"button\">\n\t\t\t\t\t\t<span class=\"elementor-button-content-wrapper\">\n\t\t\t\t\t\t<span class=\"elementor-button-text\">learn more<\/span>\n\t\t<\/span>\n\t\t\t\t\t<\/a>\n\t\t<\/div>\n\t\t\t\t<\/div>\n\t\t\t\t<\/div>\n\t\t\t\t\t\t<\/div>\n\t\t\t\t\t<\/div>\n\t\t<\/div>\n\t\t\t\t<div class=\"elementor-column elementor-col-33 elementor-top-column elementor-element elementor-element-fd9e789\" data-id=\"fd9e789\" data-element_type=\"column\">\n\t\t\t<div class=\"elementor-column-wrap elementor-element-populated\">\n\t\t\t\t\t\t\t<div class=\"elementor-widget-wrap\">\n\t\t\t\t\t\t<div class=\"elementor-element elementor-element-80bff3b elementor-widget elementor-widget-image\" data-id=\"80bff3b\" data-element_type=\"widget\" data-widget_type=\"image.default\">\n\t\t\t\t<div class=\"elementor-widget-container\">\n\t\t\t\t\t<div class=\"elementor-image\">\n\t\t\t\t\t\t\t\t\t\t<img width=\"2096\" height=\"2094\" src=\"https:\/\/evaluation.academy\/wp-content\/uploads\/2020\/09\/icon_koperation.png\" class=\"attachment-full size-full\" alt=\"\" loading=\"lazy\" srcset=\"https:\/\/evaluation.academy\/wp-content\/uploads\/2020\/09\/icon_koperation.png 2096w, https:\/\/evaluation.academy\/wp-content\/uploads\/2020\/09\/icon_koperation-300x300.png 300w, https:\/\/evaluation.academy\/wp-content\/uploads\/2020\/09\/icon_koperation-1024x1024.png 1024w, https:\/\/evaluation.academy\/wp-content\/uploads\/2020\/09\/icon_koperation-150x150.png 150w, https:\/\/evaluation.academy\/wp-content\/uploads\/2020\/09\/icon_koperation-768x767.png 768w, https:\/\/evaluation.academy\/wp-content\/uploads\/2020\/09\/icon_koperation-1536x1536.png 1536w, https:\/\/evaluation.academy\/wp-content\/uploads\/2020\/09\/icon_koperation-2048x2046.png 2048w\" sizes=\"(max-width: 2096px) 100vw, 2096px\" \/>\t\t\t\t\t\t\t\t\t\t\t<\/div>\n\t\t\t\t<\/div>\n\t\t\t\t<\/div>\n\t\t\t\t<div class=\"elementor-element elementor-element-0b6e1ce elementor-widget elementor-widget-heading\" data-id=\"0b6e1ce\" data-element_type=\"widget\" data-widget_type=\"heading.default\">\n\t\t\t\t<div class=\"elementor-widget-container\">\n\t\t\t<h2 class=\"elementor-heading-title elementor-size-default\">Competence centre<\/h2>\t\t<\/div>\n\t\t\t\t<\/div>\n\t\t\t\t<div class=\"elementor-element elementor-element-0004f91 elementor-widget elementor-widget-text-editor\" data-id=\"0004f91\" data-element_type=\"widget\" data-widget_type=\"text-editor.default\">\n\t\t\t\t<div class=\"elementor-widget-container\">\n\t\t\t\t\t<div class=\"elementor-text-editor elementor-clearfix\"><p>The EEA gathers knowledge, prepares it and makes it available. Special attention is paid to ensure that the whole range of evaluation is taken into account.<\/p><\/div>\n\t\t\t\t<\/div>\n\t\t\t\t<\/div>\n\t\t\t\t<div class=\"elementor-element elementor-element-702384e elementor-align-center elementor-widget elementor-widget-button\" data-id=\"702384e\" data-element_type=\"widget\" data-widget_type=\"button.default\">\n\t\t\t\t<div class=\"elementor-widget-container\">\n\t\t\t\t\t<div class=\"elementor-button-wrapper\">\n\t\t\t<a href=\"https:\/\/evaluation.academy\/en\/kompetenzzentrum\/\" class=\"elementor-button-link elementor-button elementor-size-sm elementor-animation-float\" role=\"button\">\n\t\t\t\t\t\t<span class=\"elementor-button-content-wrapper\">\n\t\t\t\t\t\t<span class=\"elementor-button-text\">learn more<\/span>\n\t\t<\/span>\n\t\t\t\t\t<\/a>\n\t\t<\/div>\n\t\t\t\t<\/div>\n\t\t\t\t<\/div>\n\t\t\t\t\t\t<\/div>\n\t\t\t\t\t<\/div>\n\t\t<\/div>\n\t\t\t\t<div class=\"elementor-column elementor-col-33 elementor-top-column elementor-element elementor-element-68548ee\" data-id=\"68548ee\" data-element_type=\"column\">\n\t\t\t<div class=\"elementor-column-wrap elementor-element-populated\">\n\t\t\t\t\t\t\t<div class=\"elementor-widget-wrap\">\n\t\t\t\t\t\t<div class=\"elementor-element elementor-element-11f388c elementor-widget elementor-widget-image\" data-id=\"11f388c\" data-element_type=\"widget\" data-widget_type=\"image.default\">\n\t\t\t\t<div class=\"elementor-widget-container\">\n\t\t\t\t\t<div class=\"elementor-image\">\n\t\t\t\t\t\t\t\t\t\t<img width=\"2067\" height=\"2067\" src=\"https:\/\/evaluation.academy\/wp-content\/uploads\/2020\/09\/icon_kompetenz.png\" class=\"attachment-full size-full\" alt=\"\" loading=\"lazy\" srcset=\"https:\/\/evaluation.academy\/wp-content\/uploads\/2020\/09\/icon_kompetenz.png 2067w, https:\/\/evaluation.academy\/wp-content\/uploads\/2020\/09\/icon_kompetenz-300x300.png 300w, https:\/\/evaluation.academy\/wp-content\/uploads\/2020\/09\/icon_kompetenz-1024x1024.png 1024w, https:\/\/evaluation.academy\/wp-content\/uploads\/2020\/09\/icon_kompetenz-150x150.png 150w, https:\/\/evaluation.academy\/wp-content\/uploads\/2020\/09\/icon_kompetenz-768x768.png 768w, https:\/\/evaluation.academy\/wp-content\/uploads\/2020\/09\/icon_kompetenz-1536x1536.png 1536w, https:\/\/evaluation.academy\/wp-content\/uploads\/2020\/09\/icon_kompetenz-2048x2048.png 2048w\" sizes=\"(max-width: 2067px) 100vw, 2067px\" \/>\t\t\t\t\t\t\t\t\t\t\t<\/div>\n\t\t\t\t<\/div>\n\t\t\t\t<\/div>\n\t\t\t\t<div class=\"elementor-element elementor-element-fae0f30 elementor-widget elementor-widget-heading\" data-id=\"fae0f30\" data-element_type=\"widget\" data-widget_type=\"heading.default\">\n\t\t\t\t<div class=\"elementor-widget-container\">\n\t\t\t<h2 class=\"elementor-heading-title elementor-size-default\">Projects & Cooperation<\/h2>\t\t<\/div>\n\t\t\t\t<\/div>\n\t\t\t\t<div class=\"elementor-element elementor-element-5e23ad6 elementor-widget elementor-widget-text-editor\" data-id=\"5e23ad6\" data-element_type=\"widget\" data-widget_type=\"text-editor.default\">\n\t\t\t\t<div class=\"elementor-widget-container\">\n\t\t\t\t\t<div class=\"elementor-text-editor elementor-clearfix\"><p>The EEA carries out its own projects and cooperates with other institutions to promote good evaluation practice.<\/p><\/div>\n\t\t\t\t<\/div>\n\t\t\t\t<\/div>\n\t\t\t\t<div class=\"elementor-element elementor-element-0604bb1 elementor-align-center elementor-widget elementor-widget-button\" data-id=\"0604bb1\" data-element_type=\"widget\" data-widget_type=\"button.default\">\n\t\t\t\t<div class=\"elementor-widget-container\">\n\t\t\t\t\t<div class=\"elementor-button-wrapper\">\n\t\t\t<a href=\"https:\/\/evaluation.academy\/en\/projekte-und-kooperation\/\" class=\"elementor-button-link elementor-button elementor-size-sm elementor-animation-float\" role=\"button\">\n\t\t\t\t\t\t<span class=\"elementor-button-content-wrapper\">\n\t\t\t\t\t\t<span class=\"elementor-button-text\">learn more<\/span>\n\t\t<\/span>\n\t\t\t\t\t<\/a>\n\t\t<\/div>\n\t\t\t\t<\/div>\n\t\t\t\t<\/div>\n\t\t\t\t\t\t<\/div>\n\t\t\t\t\t<\/div>\n\t\t<\/div>\n\t\t\t\t\t\t\t\t<\/div>\n\t\t\t\t\t<\/div>\n\t\t<\/section>\n\t\t\t\t<section class=\"elementor-section elementor-top-section elementor-element elementor-element-672f491 elementor-section-height-min-height elementor-section-boxed elementor-section-height-default elementor-section-items-middle\" data-id=\"672f491\" data-element_type=\"section\" data-settings=\"{&quot;background_background&quot;:&quot;classic&quot;}\">\n\t\t\t\t\t\t\t<div class=\"elementor-background-overlay\"><\/div>\n\t\t\t\t\t\t\t<div class=\"elementor-container elementor-column-gap-default\">\n\t\t\t\t\t\t\t<div class=\"elementor-row\">\n\t\t\t\t\t<div class=\"elementor-column elementor-col-100 elementor-top-column elementor-element elementor-element-8eebacb\" data-id=\"8eebacb\" data-element_type=\"column\">\n\t\t\t<div class=\"elementor-column-wrap elementor-element-populated\">\n\t\t\t\t\t\t\t<div class=\"elementor-widget-wrap\">\n\t\t\t\t\t\t<div class=\"elementor-element elementor-element-302059b animated-slow elementor-invisible elementor-widget elementor-widget-heading\" data-id=\"302059b\" data-element_type=\"widget\" data-settings=\"{&quot;_animation&quot;:&quot;fadeIn&quot;,&quot;_animation_delay&quot;:300}\" data-widget_type=\"heading.default\">\n\t\t\t\t<div class=\"elementor-widget-container\">\n\t\t\t<h5 class=\"elementor-heading-title elementor-size-small\">Do you like the idea of an academy?<\/h5>\t\t<\/div>\n\t\t\t\t<\/div>\n\t\t\t\t<div class=\"elementor-element elementor-element-6b78456 elementor-widget elementor-widget-text-editor\" data-id=\"6b78456\" data-element_type=\"widget\" data-widget_type=\"text-editor.default\">\n\t\t\t\t<div class=\"elementor-widget-container\">\n\t\t\t\t\t<div class=\"elementor-text-editor elementor-clearfix\"><p>Then please support us \u2013 financially, materially, ideationally or practically.<\/p><\/div>\n\t\t\t\t<\/div>\n\t\t\t\t<\/div>\n\t\t\t\t<div class=\"elementor-element elementor-element-bd3c653 elementor-align-center elementor-widget elementor-widget-button\" data-id=\"bd3c653\" data-element_type=\"widget\" data-widget_type=\"button.default\">\n\t\t\t\t<div class=\"elementor-widget-container\">\n\t\t\t\t\t<div class=\"elementor-button-wrapper\">\n\t\t\t<a href=\"https:\/\/evaluation.academy\/en\/unterstuetzen\/\" class=\"elementor-button-link elementor-button elementor-size-sm elementor-animation-float\" role=\"button\">\n\t\t\t\t\t\t<span class=\"elementor-button-content-wrapper\">\n\t\t\t\t\t\t<span class=\"elementor-button-text\">Support us!<\/span>\n\t\t<\/span>\n\t\t\t\t\t<\/a>\n\t\t<\/div>\n\t\t\t\t<\/div>\n\t\t\t\t<\/div>\n\t\t\t\t\t\t<\/div>\n\t\t\t\t\t<\/div>\n\t\t<\/div>\n\t\t\t\t\t\t\t\t<\/div>\n\t\t\t\t\t<\/div>\n\t\t<\/section>\n\t\t\t\t\t\t<\/div>\n\t\t\t\t\t\t<\/div>\n\t\t\t\t\t<\/div>","protected":false},"excerpt":{"rendered":"<p>Ein Ort f\u00fcrEvaluation Die Europ\u00e4ische Akademie f\u00fcr Evaluation (engl. Abk. EEA)ist ein transnationales Kompetenz- und Ausbildungszentrum f\u00fcr Evaluation. Sie richtet sich sowohl an Evaluierende und Evaluationsverantwortliche, als auch an Interessierte, die mehr \u00fcber Evaluation erfahren m\u00f6chten. Aus- und Weiterbildung Die EEA bietet Kurse f\u00fcr jedes Niveau an. Sie fokussiert dabei auf evaluationsspezifische Themen und Kompetenzen.\u00a0 [&hellip;]<\/p>","protected":false},"author":1,"featured_media":0,"parent":0,"menu_order":0,"comment_status":"closed","ping_status":"closed","template":"","meta":{"spay_email":""},"yoast_head":"<!-- This site is optimized with the Yoast SEO plugin v15.7 - https:\/\/yoast.com\/wordpress\/plugins\/seo\/ -->\n<title>Home - European Evaluation Academy EEA<\/title>\n<meta name=\"robots\" content=\"index, follow, max-snippet:-1, max-image-preview:large, max-video-preview:-1\" \/>\n<link rel=\"canonical\" href=\"https:\/\/evaluation.academy\/en\/\" \/>\n<meta property=\"og:locale\" content=\"en_GB\" \/>\n<meta property=\"og:type\" content=\"article\" \/>\n<meta property=\"og:title\" content=\"Home - European Evaluation Academy EEA\" \/>\n<meta property=\"og:description\" content=\"Ein Ort f\u00fcrEvaluation Die Europ\u00e4ische Akademie f\u00fcr Evaluation (engl. Abk. EEA)ist ein transnationales Kompetenz- und Ausbildungszentrum f\u00fcr Evaluation. Sie richtet sich sowohl an Evaluierende und Evaluationsverantwortliche, als auch an Interessierte, die mehr \u00fcber Evaluation erfahren m\u00f6chten. Aus- und Weiterbildung Die EEA bietet Kurse f\u00fcr jedes Niveau an. Sie fokussiert dabei auf evaluationsspezifische Themen und Kompetenzen.\u00a0 [&hellip;]\" \/>\n<meta property=\"og:url\" content=\"https:\/\/evaluation.academy\/en\/\" \/>\n<meta property=\"og:site_name\" content=\"European Evaluation Academy EEA\" \/>\n<meta property=\"article:modified_time\" content=\"2026-02-20T10:52:42+00:00\" \/>\n<meta property=\"og:image\" content=\"https:\/\/evaluation.academy\/wp-content\/uploads\/2020\/09\/icon_ausbildung.png\" \/>\n<meta name=\"twitter:card\" content=\"summary_large_image\" \/>\n<meta name=\"twitter:label1\" content=\"Estimated reading time\">\n\t<meta name=\"twitter:data1\" content=\"2 minutes\">\n<script type=\"application\/ld+json\" class=\"yoast-schema-graph\">{\"@context\":\"https:\/\/schema.org\",\"@graph\":[{\"@type\":\"WebSite\",\"@id\":\"https:\/\/evaluation.academy\/#website\",\"url\":\"https:\/\/evaluation.academy\/\",\"name\":\"European Evaluation Academy EEA\",\"description\":\"Kompetenz- und Ausbildungszentrum f\\u00fcr Evaluation\",\"potentialAction\":[{\"@type\":\"SearchAction\",\"target\":\"https:\/\/evaluation.academy\/?s={search_term_string}\",\"query-input\":\"required name=search_term_string\"}],\"inLanguage\":\"en-GB\"},{\"@type\":\"ImageObject\",\"@id\":\"https:\/\/evaluation.academy\/#primaryimage\",\"inLanguage\":\"en-GB\",\"url\":\"https:\/\/evaluation.academy\/wp-content\/uploads\/2020\/09\/icon_ausbildung.png\",\"width\":2067,\"height\":2067},{\"@type\":\"WebPage\",\"@id\":\"https:\/\/evaluation.academy\/#webpage\",\"url\":\"https:\/\/evaluation.academy\/\",\"name\":\"Home - European Evaluation Academy EEA\",\"isPartOf\":{\"@id\":\"https:\/\/evaluation.academy\/#website\"},\"primaryImageOfPage\":{\"@id\":\"https:\/\/evaluation.academy\/#primaryimage\"},\"datePublished\":\"2020-09-10T15:11:29+00:00\",\"dateModified\":\"2026-02-20T10:52:42+00:00\",\"inLanguage\":\"en-GB\",\"potentialAction\":[{\"@type\":\"ReadAction\",\"target\":[\"https:\/\/evaluation.academy\/\"]}]}]}<\/script>\n<!-- \/ Yoast SEO plugin. -->","_links":{"self":[{"href":"https:\/\/evaluation.academy\/en\/wp-json\/wp\/v2\/pages\/10"}],"collection":[{"href":"https:\/\/evaluation.academy\/en\/wp-json\/wp\/v2\/pages"}],"about":[{"href":"https:\/\/evaluation.academy\/en\/wp-json\/wp\/v2\/types\/page"}],"author":[{"embeddable":true,"href":"https:\/\/evaluation.academy\/en\/wp-json\/wp\/v2\/users\/1"}],"replies":[{"embeddable":true,"href":"https:\/\/evaluation.academy\/en\/wp-json\/wp\/v2\/comments?post=10"}],"version-history":[{"count":50,"href":"https:\/\/evaluation.academy\/en\/wp-json\/wp\/v2\/pages\/10\/revisions"}],"predecessor-version":[{"id":619,"href":"https:\/\/evaluation.academy\/en\/wp-json\/wp\/v2\/pages\/10\/revisions\/619"}],"wp:attachment":[{"href":"https:\/\/evaluation.academy\/en\/wp-json\/wp\/v2\/media?parent=10"}],"curies":[{"name":"wp","href":"https:\/\/api.w.org\/{rel}","templated":true}]}}