{"id":155,"date":"2020-09-16T18:52:11","date_gmt":"2020-09-16T16:52:11","guid":{"rendered":"http:\/\/evaluation.academy\/?page_id=155"},"modified":"2026-02-20T12:40:24","modified_gmt":"2026-02-20T11:40:24","slug":"projekte-und-kooperationen","status":"publish","type":"page","link":"https:\/\/evaluation.academy\/en\/projekte-und-kooperationen\/","title":{"rendered":"Projects and Cooperation"},"content":{"rendered":"<div data-elementor-type=\"wp-page\" data-elementor-id=\"155\" class=\"elementor elementor-155\" data-elementor-settings=\"[]\">\n\t\t\t\t\t\t<div class=\"elementor-inner\">\n\t\t\t\t\t\t\t<div class=\"elementor-section-wrap\">\n\t\t\t\t\t\t\t<section class=\"elementor-section elementor-top-section elementor-element elementor-element-cdd7432 elementor-section-full_width elementor-section-height-min-height elementor-section-height-default elementor-section-items-middle\" data-id=\"cdd7432\" data-element_type=\"section\" data-settings=\"{&quot;background_background&quot;:&quot;classic&quot;}\">\n\t\t\t\t\t\t\t<div class=\"elementor-background-overlay\"><\/div>\n\t\t\t\t\t\t\t<div class=\"elementor-container elementor-column-gap-default\">\n\t\t\t\t\t\t\t<div class=\"elementor-row\">\n\t\t\t\t\t<div class=\"elementor-column elementor-col-100 elementor-top-column elementor-element elementor-element-8967331\" data-id=\"8967331\" data-element_type=\"column\">\n\t\t\t<div class=\"elementor-column-wrap elementor-element-populated\">\n\t\t\t\t\t\t\t<div class=\"elementor-widget-wrap\">\n\t\t\t\t\t\t<div class=\"elementor-element elementor-element-352b02e animated-slow elementor-invisible elementor-widget elementor-widget-heading\" data-id=\"352b02e\" data-element_type=\"widget\" data-settings=\"{&quot;_animation&quot;:&quot;fadeIn&quot;,&quot;_animation_delay&quot;:300}\" data-widget_type=\"heading.default\">\n\t\t\t\t<div class=\"elementor-widget-container\">\n\t\t\t<h1 class=\"elementor-heading-title elementor-size-large\">Projects & Cooperation<\/h1>\t\t<\/div>\n\t\t\t\t<\/div>\n\t\t\t\t\t\t<\/div>\n\t\t\t\t\t<\/div>\n\t\t<\/div>\n\t\t\t\t\t\t\t\t<\/div>\n\t\t\t\t\t<\/div>\n\t\t<\/section>\n\t\t\t\t<section class=\"elementor-section elementor-top-section elementor-element elementor-element-5e760f1 elementor-section-content-middle elementor-section-boxed elementor-section-height-default elementor-section-height-default\" data-id=\"5e760f1\" data-element_type=\"section\">\n\t\t\t\t\t\t<div class=\"elementor-container elementor-column-gap-default\">\n\t\t\t\t\t\t\t<div class=\"elementor-row\">\n\t\t\t\t\t<div class=\"elementor-column elementor-col-100 elementor-top-column elementor-element elementor-element-ca1cc2e\" data-id=\"ca1cc2e\" data-element_type=\"column\">\n\t\t\t<div class=\"elementor-column-wrap elementor-element-populated\">\n\t\t\t\t\t\t\t<div class=\"elementor-widget-wrap\">\n\t\t\t\t\t\t<div class=\"elementor-element elementor-element-1fda211 elementor-widget__width-inherit elementor-widget elementor-widget-text-editor\" data-id=\"1fda211\" data-element_type=\"widget\" data-widget_type=\"text-editor.default\">\n\t\t\t\t<div class=\"elementor-widget-container\">\n\t\t\t\t\t<div class=\"elementor-text-editor elementor-clearfix\"><p><\/p>\n<p>Die Akademie engagiert sich daf\u00fcr, die <b>Grundlagen f\u00fcr eine gute Evaluationspraxis<\/b> zu f\u00f6rdern. Dazu werden kleinere und gr\u00f6\u00dfere Projekte initiiert und durchgef\u00fchrt.<\/p>\n<p>Folgende Projekte sind derzeit in der Vorbereitung:<\/p>\n<p>\u2022 international specialist library (development project)<\/p>\n<p>\u2022 evaluation database (development project)<\/p>\n<p>\u2022 quality development and assurance in evaluation practice (research project)<\/p>\n<p>Dar\u00fcber hinaus sollen Projekte zur <b>Bekanntmachung und F\u00f6rderung von Evaluation in Gesellschaft, Politik und <\/b>(schulischen, universit\u00e4ren und politischen) <b>Bildung<\/b> sowie zur St\u00e4rkung der transnationalen und feld\u00fcbergreifenden Zusammenarbeit durchgef\u00fchrt werden.<\/p>\n<p>Derzeit werden folgende Projekte durchgef\u00fchrt:<\/p>\n<p>\u2022 evaluators@school (Bildungsprojekt)<\/p><\/div>\n\t\t\t\t<\/div>\n\t\t\t\t<\/div>\n\t\t\t\t\t\t<\/div>\n\t\t\t\t\t<\/div>\n\t\t<\/div>\n\t\t\t\t\t\t\t\t<\/div>\n\t\t\t\t\t<\/div>\n\t\t<\/section>\n\t\t\t\t\t\t<\/div>\n\t\t\t\t\t\t<\/div>\n\t\t\t\t\t<\/div>","protected":false},"excerpt":{"rendered":"<p>Projekte &amp; Kooperationen Die Akademie engagiert sich daf\u00fcr, die Grundlagen f\u00fcr eine gute Evaluationspraxis zu f\u00f6rdern. Dazu werden kleinere und gr\u00f6\u00dfere Projekte initiiert und durchgef\u00fchrt. Folgende Projekte sind derzeit in der Vorbereitung: \u2022 internationale Fachbibliothek (Aufbauprojekt) \u2022 Evaluationsdatenbank (Aufbauprojekt) \u2022 Qualit\u00e4tsentwicklung und -sicherung in der Evaluationspraxis (Forschungsprojekt) Dar\u00fcber hinaus sollen Projekte zur Bekanntmachung und F\u00f6rderung [&hellip;]<\/p>","protected":false},"author":1,"featured_media":0,"parent":0,"menu_order":0,"comment_status":"closed","ping_status":"closed","template":"","meta":{"spay_email":""},"yoast_head":"<!-- This site is optimized with the Yoast SEO plugin v15.7 - https:\/\/yoast.com\/wordpress\/plugins\/seo\/ -->\n<title>Projekte und Kooperationen - European Evaluation Academy EEA<\/title>\n<meta name=\"robots\" content=\"index, follow, max-snippet:-1, max-image-preview:large, max-video-preview:-1\" \/>\n<link rel=\"canonical\" href=\"https:\/\/evaluation.academy\/en\/projekte-und-kooperationen\/\" \/>\n<meta property=\"og:locale\" content=\"en_GB\" \/>\n<meta property=\"og:type\" content=\"article\" \/>\n<meta property=\"og:title\" content=\"Projekte und Kooperationen - European Evaluation Academy EEA\" \/>\n<meta property=\"og:description\" content=\"Projekte &amp; Kooperationen Die Akademie engagiert sich daf\u00fcr, die Grundlagen f\u00fcr eine gute Evaluationspraxis zu f\u00f6rdern. Dazu werden kleinere und gr\u00f6\u00dfere Projekte initiiert und durchgef\u00fchrt. Folgende Projekte sind derzeit in der Vorbereitung: \u2022 internationale Fachbibliothek (Aufbauprojekt) \u2022 Evaluationsdatenbank (Aufbauprojekt) \u2022 Qualit\u00e4tsentwicklung und -sicherung in der Evaluationspraxis (Forschungsprojekt) Dar\u00fcber hinaus sollen Projekte zur Bekanntmachung und F\u00f6rderung [&hellip;]\" \/>\n<meta property=\"og:url\" content=\"https:\/\/evaluation.academy\/en\/projekte-und-kooperationen\/\" \/>\n<meta property=\"og:site_name\" content=\"European Evaluation Academy EEA\" \/>\n<meta property=\"article:modified_time\" content=\"2026-02-20T11:40:24+00:00\" \/>\n<meta name=\"twitter:card\" content=\"summary_large_image\" \/>\n<meta name=\"twitter:label1\" content=\"Estimated reading time\">\n\t<meta name=\"twitter:data1\" content=\"1 minute\">\n<script type=\"application\/ld+json\" class=\"yoast-schema-graph\">{\"@context\":\"https:\/\/schema.org\",\"@graph\":[{\"@type\":\"WebSite\",\"@id\":\"https:\/\/evaluation.academy\/#website\",\"url\":\"https:\/\/evaluation.academy\/\",\"name\":\"European Evaluation Academy EEA\",\"description\":\"Kompetenz- und Ausbildungszentrum f\\u00fcr Evaluation\",\"potentialAction\":[{\"@type\":\"SearchAction\",\"target\":\"https:\/\/evaluation.academy\/?s={search_term_string}\",\"query-input\":\"required name=search_term_string\"}],\"inLanguage\":\"en-GB\"},{\"@type\":\"WebPage\",\"@id\":\"https:\/\/evaluation.academy\/projekte-und-kooperationen\/#webpage\",\"url\":\"https:\/\/evaluation.academy\/projekte-und-kooperationen\/\",\"name\":\"Projekte und Kooperationen - European Evaluation Academy EEA\",\"isPartOf\":{\"@id\":\"https:\/\/evaluation.academy\/#website\"},\"datePublished\":\"2020-09-16T16:52:11+00:00\",\"dateModified\":\"2026-02-20T11:40:24+00:00\",\"inLanguage\":\"en-GB\",\"potentialAction\":[{\"@type\":\"ReadAction\",\"target\":[\"https:\/\/evaluation.academy\/projekte-und-kooperationen\/\"]}]}]}<\/script>\n<!-- \/ Yoast SEO plugin. -->","_links":{"self":[{"href":"https:\/\/evaluation.academy\/en\/wp-json\/wp\/v2\/pages\/155"}],"collection":[{"href":"https:\/\/evaluation.academy\/en\/wp-json\/wp\/v2\/pages"}],"about":[{"href":"https:\/\/evaluation.academy\/en\/wp-json\/wp\/v2\/types\/page"}],"author":[{"embeddable":true,"href":"https:\/\/evaluation.academy\/en\/wp-json\/wp\/v2\/users\/1"}],"replies":[{"embeddable":true,"href":"https:\/\/evaluation.academy\/en\/wp-json\/wp\/v2\/comments?post=155"}],"version-history":[{"count":16,"href":"https:\/\/evaluation.academy\/en\/wp-json\/wp\/v2\/pages\/155\/revisions"}],"predecessor-version":[{"id":625,"href":"https:\/\/evaluation.academy\/en\/wp-json\/wp\/v2\/pages\/155\/revisions\/625"}],"wp:attachment":[{"href":"https:\/\/evaluation.academy\/en\/wp-json\/wp\/v2\/media?parent=155"}],"curies":[{"name":"wp","href":"https:\/\/api.w.org\/{rel}","templated":true}]}}