{"id":24,"date":"2020-09-10T17:30:10","date_gmt":"2020-09-10T15:30:10","guid":{"rendered":"http:\/\/evaluation.academy\/?page_id=24"},"modified":"2021-01-11T13:37:36","modified_gmt":"2021-01-11T12:37:36","slug":"impressum","status":"publish","type":"page","link":"https:\/\/evaluation.academy\/en\/impressum\/","title":{"rendered":"Impressum"},"content":{"rendered":"<div data-elementor-type=\"wp-page\" data-elementor-id=\"24\" class=\"elementor elementor-24\" data-elementor-settings=\"[]\">\n\t\t\t\t\t\t<div class=\"elementor-inner\">\n\t\t\t\t\t\t\t<div class=\"elementor-section-wrap\">\n\t\t\t\t\t\t\t<section class=\"elementor-section elementor-top-section elementor-element elementor-element-fb527ac elementor-section-full_width elementor-section-height-min-height elementor-section-height-default elementor-section-items-middle\" data-id=\"fb527ac\" data-element_type=\"section\" data-settings=\"{&quot;background_background&quot;:&quot;classic&quot;}\">\n\t\t\t\t\t\t\t<div class=\"elementor-background-overlay\"><\/div>\n\t\t\t\t\t\t\t<div class=\"elementor-container elementor-column-gap-default\">\n\t\t\t\t\t\t\t<div class=\"elementor-row\">\n\t\t\t\t\t<div class=\"elementor-column elementor-col-100 elementor-top-column elementor-element elementor-element-87840ea\" data-id=\"87840ea\" data-element_type=\"column\">\n\t\t\t<div class=\"elementor-column-wrap elementor-element-populated\">\n\t\t\t\t\t\t\t<div class=\"elementor-widget-wrap\">\n\t\t\t\t\t\t<div class=\"elementor-element elementor-element-c104bf7 animated-slow elementor-invisible elementor-widget elementor-widget-heading\" data-id=\"c104bf7\" data-element_type=\"widget\" data-settings=\"{&quot;_animation&quot;:&quot;fadeIn&quot;,&quot;_animation_delay&quot;:300}\" data-widget_type=\"heading.default\">\n\t\t\t\t<div class=\"elementor-widget-container\">\n\t\t\t<h1 class=\"elementor-heading-title elementor-size-large\">Impressum<\/h1>\t\t<\/div>\n\t\t\t\t<\/div>\n\t\t\t\t\t\t<\/div>\n\t\t\t\t\t<\/div>\n\t\t<\/div>\n\t\t\t\t\t\t\t\t<\/div>\n\t\t\t\t\t<\/div>\n\t\t<\/section>\n\t\t\t\t<section class=\"elementor-section elementor-top-section elementor-element elementor-element-95d1b70 elementor-section-boxed elementor-section-height-default elementor-section-height-default\" data-id=\"95d1b70\" data-element_type=\"section\">\n\t\t\t\t\t\t<div class=\"elementor-container elementor-column-gap-default\">\n\t\t\t\t\t\t\t<div class=\"elementor-row\">\n\t\t\t\t\t<div class=\"elementor-column elementor-col-100 elementor-top-column elementor-element elementor-element-9ca5934\" data-id=\"9ca5934\" data-element_type=\"column\">\n\t\t\t<div class=\"elementor-column-wrap elementor-element-populated\">\n\t\t\t\t\t\t\t<div class=\"elementor-widget-wrap\">\n\t\t\t\t\t\t<div class=\"elementor-element elementor-element-c3faf14 elementor-widget__width-inherit elementor-widget elementor-widget-text-editor\" data-id=\"c3faf14\" data-element_type=\"widget\" data-widget_type=\"text-editor.default\">\n\t\t\t\t<div class=\"elementor-widget-container\">\n\t\t\t\t\t<div class=\"elementor-text-editor elementor-clearfix\"><p><b>European Evaluation Academy<br><\/b><span style=\"font-size: 19.6px; color: var( --e-global-color-secondary );\"><b>Europ\u00e4ische Akademie f\u00fcr Evaluation<br><\/b><\/span><b style=\"font-size: 19.6px; color: var( --e-global-color-secondary );\">Acad\u00e9mie Europ\u00e9enne de l\u2019Evaluation<br><\/b><b style=\"font-size: 19.6px; color: var( --e-global-color-secondary );\">Accademia Europea per la Valutazione<\/b><\/p><p><span style=\"font-size: 19.6px; color: var( --e-global-color-secondary );\"><b><br><\/b><\/span><\/p>\n<p>Pr\u00e4sident: Bj\u00f6rn Neuhaus<\/p>\n<p>Fellerstr. 30<br><span style=\"font-size: 19.6px; color: var( --e-global-color-secondary );\">CH-3027 Bern<\/span><\/p>\n<p>Tel: +41 31 552 19 91<br><a style=\"font-size: 19.6px; background-color: #ffffff;\" href=\"mailto:info@evaluation.academy\"><span style=\"font-size: 19.6px; color: var( --e-global-color-secondary );\">info@evaluation.academy<\/span><\/a><\/p><\/div>\n\t\t\t\t<\/div>\n\t\t\t\t<\/div>\n\t\t\t\t\t\t<\/div>\n\t\t\t\t\t<\/div>\n\t\t<\/div>\n\t\t\t\t\t\t\t\t<\/div>\n\t\t\t\t\t<\/div>\n\t\t<\/section>\n\t\t\t\t\t\t<\/div>\n\t\t\t\t\t\t<\/div>\n\t\t\t\t\t<\/div>","protected":false},"excerpt":{"rendered":"<p>Impressum European Evaluation Academy Europ\u00e4ische Akademie f\u00fcr Evaluation Acad\u00e9mie Europ\u00e9enne de l\u2019Evaluation Accademia Europea per la Valutazione Pr\u00e4sident: Bj\u00f6rn Neuhaus Fellerstr. 30 CH-3027 Bern Tel: +41 31 552 19 91 info@evaluation.academy<\/p>","protected":false},"author":1,"featured_media":0,"parent":0,"menu_order":0,"comment_status":"closed","ping_status":"closed","template":"","meta":{"spay_email":""},"yoast_head":"<!-- This site is optimized with the Yoast SEO plugin v15.7 - https:\/\/yoast.com\/wordpress\/plugins\/seo\/ -->\n<title>Impressum - European Evaluation Academy EEA<\/title>\n<meta name=\"robots\" content=\"index, follow, max-snippet:-1, max-image-preview:large, max-video-preview:-1\" \/>\n<link rel=\"canonical\" href=\"https:\/\/evaluation.academy\/en\/impressum\/\" \/>\n<meta property=\"og:locale\" content=\"en_GB\" \/>\n<meta property=\"og:type\" content=\"article\" \/>\n<meta property=\"og:title\" content=\"Impressum - European Evaluation Academy EEA\" \/>\n<meta property=\"og:description\" content=\"Impressum European Evaluation Academy Europ\u00e4ische Akademie f\u00fcr Evaluation Acad\u00e9mie Europ\u00e9enne de l\u2019Evaluation Accademia Europea per la Valutazione Pr\u00e4sident: Bj\u00f6rn Neuhaus Fellerstr. 30 CH-3027 Bern Tel: +41 31 552 19 91 info@evaluation.academy\" \/>\n<meta property=\"og:url\" content=\"https:\/\/evaluation.academy\/en\/impressum\/\" \/>\n<meta property=\"og:site_name\" content=\"European Evaluation Academy EEA\" \/>\n<meta property=\"article:modified_time\" content=\"2021-01-11T12:37:36+00:00\" \/>\n<meta name=\"twitter:card\" content=\"summary_large_image\" \/>\n<script type=\"application\/ld+json\" class=\"yoast-schema-graph\">{\"@context\":\"https:\/\/schema.org\",\"@graph\":[{\"@type\":\"WebSite\",\"@id\":\"https:\/\/evaluation.academy\/#website\",\"url\":\"https:\/\/evaluation.academy\/\",\"name\":\"European Evaluation Academy EEA\",\"description\":\"Kompetenz- und Ausbildungszentrum f\\u00fcr Evaluation\",\"potentialAction\":[{\"@type\":\"SearchAction\",\"target\":\"https:\/\/evaluation.academy\/?s={search_term_string}\",\"query-input\":\"required name=search_term_string\"}],\"inLanguage\":\"en-GB\"},{\"@type\":\"WebPage\",\"@id\":\"https:\/\/evaluation.academy\/impressum\/#webpage\",\"url\":\"https:\/\/evaluation.academy\/impressum\/\",\"name\":\"Impressum - European Evaluation Academy EEA\",\"isPartOf\":{\"@id\":\"https:\/\/evaluation.academy\/#website\"},\"datePublished\":\"2020-09-10T15:30:10+00:00\",\"dateModified\":\"2021-01-11T12:37:36+00:00\",\"inLanguage\":\"en-GB\",\"potentialAction\":[{\"@type\":\"ReadAction\",\"target\":[\"https:\/\/evaluation.academy\/impressum\/\"]}]}]}<\/script>\n<!-- \/ Yoast SEO plugin. -->","_links":{"self":[{"href":"https:\/\/evaluation.academy\/en\/wp-json\/wp\/v2\/pages\/24"}],"collection":[{"href":"https:\/\/evaluation.academy\/en\/wp-json\/wp\/v2\/pages"}],"about":[{"href":"https:\/\/evaluation.academy\/en\/wp-json\/wp\/v2\/types\/page"}],"author":[{"embeddable":true,"href":"https:\/\/evaluation.academy\/en\/wp-json\/wp\/v2\/users\/1"}],"replies":[{"embeddable":true,"href":"https:\/\/evaluation.academy\/en\/wp-json\/wp\/v2\/comments?post=24"}],"version-history":[{"count":9,"href":"https:\/\/evaluation.academy\/en\/wp-json\/wp\/v2\/pages\/24\/revisions"}],"predecessor-version":[{"id":384,"href":"https:\/\/evaluation.academy\/en\/wp-json\/wp\/v2\/pages\/24\/revisions\/384"}],"wp:attachment":[{"href":"https:\/\/evaluation.academy\/en\/wp-json\/wp\/v2\/media?parent=24"}],"curies":[{"name":"wp","href":"https:\/\/api.w.org\/{rel}","templated":true}]}}