{"id":329,"date":"2020-10-08T16:59:01","date_gmt":"2020-10-08T14:59:01","guid":{"rendered":"https:\/\/evaluation.academy\/?page_id=329"},"modified":"2026-02-18T14:28:55","modified_gmt":"2026-02-18T13:28:55","slug":"work-for-training","status":"publish","type":"page","link":"https:\/\/evaluation.academy\/en\/work-for-training\/","title":{"rendered":"Work for Training"},"content":{"rendered":"<div data-elementor-type=\"wp-page\" data-elementor-id=\"329\" class=\"elementor elementor-329\" data-elementor-settings=\"[]\">\n\t\t\t\t\t\t<div class=\"elementor-inner\">\n\t\t\t\t\t\t\t<div class=\"elementor-section-wrap\">\n\t\t\t\t\t\t\t<section class=\"elementor-section elementor-top-section elementor-element elementor-element-636c89ef elementor-section-full_width elementor-section-height-min-height elementor-section-height-default elementor-section-items-middle\" data-id=\"636c89ef\" data-element_type=\"section\" data-settings=\"{&quot;background_background&quot;:&quot;classic&quot;}\">\n\t\t\t\t\t\t\t<div class=\"elementor-background-overlay\"><\/div>\n\t\t\t\t\t\t\t<div class=\"elementor-container elementor-column-gap-default\">\n\t\t\t\t\t\t\t<div class=\"elementor-row\">\n\t\t\t\t\t<div class=\"elementor-column elementor-col-100 elementor-top-column elementor-element elementor-element-256ec634\" data-id=\"256ec634\" data-element_type=\"column\">\n\t\t\t<div class=\"elementor-column-wrap elementor-element-populated\">\n\t\t\t\t\t\t\t<div class=\"elementor-widget-wrap\">\n\t\t\t\t\t\t<div class=\"elementor-element elementor-element-6a81b2d0 animated-slow elementor-invisible elementor-widget elementor-widget-heading\" data-id=\"6a81b2d0\" data-element_type=\"widget\" data-settings=\"{&quot;_animation&quot;:&quot;fadeIn&quot;,&quot;_animation_delay&quot;:300}\" data-widget_type=\"heading.default\">\n\t\t\t\t<div class=\"elementor-widget-container\">\n\t\t\t<h1 class=\"elementor-heading-title elementor-size-large\">Work for Training<\/h1>\t\t<\/div>\n\t\t\t\t<\/div>\n\t\t\t\t\t\t<\/div>\n\t\t\t\t\t<\/div>\n\t\t<\/div>\n\t\t\t\t\t\t\t\t<\/div>\n\t\t\t\t\t<\/div>\n\t\t<\/section>\n\t\t\t\t<section class=\"elementor-section elementor-top-section elementor-element elementor-element-945c54b elementor-section-boxed elementor-section-height-default elementor-section-height-default\" data-id=\"945c54b\" data-element_type=\"section\">\n\t\t\t\t\t\t<div class=\"elementor-container elementor-column-gap-wide\">\n\t\t\t\t\t\t\t<div class=\"elementor-row\">\n\t\t\t\t\t<div class=\"elementor-column elementor-col-100 elementor-top-column elementor-element elementor-element-33de233\" data-id=\"33de233\" data-element_type=\"column\">\n\t\t\t<div class=\"elementor-column-wrap elementor-element-populated\">\n\t\t\t\t\t\t\t<div class=\"elementor-widget-wrap\">\n\t\t\t\t\t\t<div class=\"elementor-element elementor-element-6de2e39 elementor-widget elementor-widget-heading\" data-id=\"6de2e39\" data-element_type=\"widget\" data-widget_type=\"heading.default\">\n\t\t\t\t<div class=\"elementor-widget-container\">\n\t\t\t<h2 class=\"elementor-heading-title elementor-size-default\">You would like to receive training in the field of evaluation, but cannot or do not want to pay the course fees?<\/h2>\t\t<\/div>\n\t\t\t\t<\/div>\n\t\t\t\t<div class=\"elementor-element elementor-element-efc3f96 elementor-widget elementor-widget-text-editor\" data-id=\"efc3f96\" data-element_type=\"widget\" data-widget_type=\"text-editor.default\">\n\t\t\t\t<div class=\"elementor-widget-container\">\n\t\t\t\t\t<div class=\"elementor-text-editor elementor-clearfix\"><p><b>Then you have the possibility to make a practical contribution to the establishment and operation of the academy instead!<\/b><\/p><p>The modalities are determined on the basis of an individual training agreement. Thereby we can address your personal situation and goals.<\/p><p>You will have the opportunity to deal with evaluation in an international environment and to work with experienced evaluators. This could result in interesting career opportunities for you.<\/p><p>As a rule of thumb, one week's work is equivalent to one day of training. You can also work virtually or part-time. Close supervision and cooperation is guaranteed.<\/p><\/div>\n\t\t\t\t<\/div>\n\t\t\t\t<\/div>\n\t\t\t\t<div class=\"elementor-element elementor-element-abeb23e elementor-widget elementor-widget-heading\" data-id=\"abeb23e\" data-element_type=\"widget\" data-widget_type=\"heading.default\">\n\t\t\t\t<div class=\"elementor-widget-container\">\n\t\t\t<h2 class=\"elementor-heading-title elementor-size-default\">Apply now!<\/h2>\t\t<\/div>\n\t\t\t\t<\/div>\n\t\t\t\t<div class=\"elementor-element elementor-element-f9ecec3 elementor-widget elementor-widget-text-editor\" data-id=\"f9ecec3\" data-element_type=\"widget\" data-widget_type=\"text-editor.default\">\n\t\t\t\t<div class=\"elementor-widget-container\">\n\t\t\t\t\t<div class=\"elementor-text-editor elementor-clearfix\"><p>Please send us a motivation letter as PDF file (including information about the reason for the internship, desired start and duration as well as possible connection to and previous experience in evaluation) as well as a tabular CV in Europass format.<\/p>\n<p><b>If you have any questions, please contact Bj\u00f6rn Neuhaus<\/b><br><span style=\"color: var( --e-global-color-secondary ); font-size: 14px;\">(<\/span><a style=\"font-size: 14px; background-color: #ffffff;\" href=\"mailto:bjorn.neuhaus@evaluation.academy\">bjoern.neuhaus@evaluation.academy<\/a><span style=\"color: var( --e-global-color-secondary ); font-size: 14px;\">&nbsp;| <a href=\"tel:\/\/+4930809327021\" target=\"_blank\" rel=\"noopener\">+49 30 8093270-21<\/a> oder <a href=\"tel:\/\/+41315521991\" target=\"_blank\" rel=\"noopener\">+41 31 552 19 91<\/a>)<\/span><b style=\"font-size: 14px; color: var( --e-global-color-secondary );\"><br><\/b><\/p><\/div>\n\t\t\t\t<\/div>\n\t\t\t\t<\/div>\n\t\t\t\t\t\t<\/div>\n\t\t\t\t\t<\/div>\n\t\t<\/div>\n\t\t\t\t\t\t\t\t<\/div>\n\t\t\t\t\t<\/div>\n\t\t<\/section>\n\t\t\t\t\t\t<\/div>\n\t\t\t\t\t\t<\/div>\n\t\t\t\t\t<\/div>","protected":false},"excerpt":{"rendered":"<p>Work for Training Sie m\u00f6chten sich gern im Bereich der Evaluation weiterbilden, k\u00f6nnen oder wollen aber die Kursgeb\u00fchren nicht zahlen? Dann leisten Sie doch stattdessen einen praktischen Beitrag zum Aufbau und Betrieb der Akademie! Auf Grundlage einer individuellen Ausbildungsvereinbarung werden die Modalit\u00e4ten festgelegt. Dabei k\u00f6nnen wir auf Ihre pers\u00f6nlich Situation und Ziele eingehen. Sie erhalten [&hellip;]<\/p>","protected":false},"author":1,"featured_media":0,"parent":0,"menu_order":0,"comment_status":"closed","ping_status":"closed","template":"","meta":{"spay_email":""},"yoast_head":"<!-- This site is optimized with the Yoast SEO plugin v15.7 - https:\/\/yoast.com\/wordpress\/plugins\/seo\/ -->\n<title>Work for Training - European Evaluation Academy EEA<\/title>\n<meta name=\"robots\" content=\"index, follow, max-snippet:-1, max-image-preview:large, max-video-preview:-1\" \/>\n<link rel=\"canonical\" href=\"https:\/\/evaluation.academy\/en\/work-for-training\/\" \/>\n<meta property=\"og:locale\" content=\"en_GB\" \/>\n<meta property=\"og:type\" content=\"article\" \/>\n<meta property=\"og:title\" content=\"Work for Training - European Evaluation Academy EEA\" \/>\n<meta property=\"og:description\" content=\"Work for Training Sie m\u00f6chten sich gern im Bereich der Evaluation weiterbilden, k\u00f6nnen oder wollen aber die Kursgeb\u00fchren nicht zahlen? Dann leisten Sie doch stattdessen einen praktischen Beitrag zum Aufbau und Betrieb der Akademie! Auf Grundlage einer individuellen Ausbildungsvereinbarung werden die Modalit\u00e4ten festgelegt. Dabei k\u00f6nnen wir auf Ihre pers\u00f6nlich Situation und Ziele eingehen. Sie erhalten [&hellip;]\" \/>\n<meta property=\"og:url\" content=\"https:\/\/evaluation.academy\/en\/work-for-training\/\" \/>\n<meta property=\"og:site_name\" content=\"European Evaluation Academy EEA\" \/>\n<meta property=\"article:modified_time\" content=\"2026-02-18T13:28:55+00:00\" \/>\n<meta name=\"twitter:card\" content=\"summary_large_image\" \/>\n<meta name=\"twitter:label1\" content=\"Estimated reading time\">\n\t<meta name=\"twitter:data1\" content=\"1 minute\">\n<script type=\"application\/ld+json\" class=\"yoast-schema-graph\">{\"@context\":\"https:\/\/schema.org\",\"@graph\":[{\"@type\":\"WebSite\",\"@id\":\"https:\/\/evaluation.academy\/#website\",\"url\":\"https:\/\/evaluation.academy\/\",\"name\":\"European Evaluation Academy EEA\",\"description\":\"Kompetenz- und Ausbildungszentrum f\\u00fcr Evaluation\",\"potentialAction\":[{\"@type\":\"SearchAction\",\"target\":\"https:\/\/evaluation.academy\/?s={search_term_string}\",\"query-input\":\"required name=search_term_string\"}],\"inLanguage\":\"en-GB\"},{\"@type\":\"WebPage\",\"@id\":\"https:\/\/evaluation.academy\/work-for-training\/#webpage\",\"url\":\"https:\/\/evaluation.academy\/work-for-training\/\",\"name\":\"Work for Training - European Evaluation Academy EEA\",\"isPartOf\":{\"@id\":\"https:\/\/evaluation.academy\/#website\"},\"datePublished\":\"2020-10-08T14:59:01+00:00\",\"dateModified\":\"2026-02-18T13:28:55+00:00\",\"inLanguage\":\"en-GB\",\"potentialAction\":[{\"@type\":\"ReadAction\",\"target\":[\"https:\/\/evaluation.academy\/work-for-training\/\"]}]}]}<\/script>\n<!-- \/ Yoast SEO plugin. -->","_links":{"self":[{"href":"https:\/\/evaluation.academy\/en\/wp-json\/wp\/v2\/pages\/329"}],"collection":[{"href":"https:\/\/evaluation.academy\/en\/wp-json\/wp\/v2\/pages"}],"about":[{"href":"https:\/\/evaluation.academy\/en\/wp-json\/wp\/v2\/types\/page"}],"author":[{"embeddable":true,"href":"https:\/\/evaluation.academy\/en\/wp-json\/wp\/v2\/users\/1"}],"replies":[{"embeddable":true,"href":"https:\/\/evaluation.academy\/en\/wp-json\/wp\/v2\/comments?post=329"}],"version-history":[{"count":13,"href":"https:\/\/evaluation.academy\/en\/wp-json\/wp\/v2\/pages\/329\/revisions"}],"predecessor-version":[{"id":614,"href":"https:\/\/evaluation.academy\/en\/wp-json\/wp\/v2\/pages\/329\/revisions\/614"}],"wp:attachment":[{"href":"https:\/\/evaluation.academy\/en\/wp-json\/wp\/v2\/media?parent=329"}],"curies":[{"name":"wp","href":"https:\/\/api.w.org\/{rel}","templated":true}]}}