{"id":554,"date":"2021-06-29T16:36:03","date_gmt":"2021-06-29T14:36:03","guid":{"rendered":"https:\/\/evaluation.academy\/?page_id=554"},"modified":"2026-02-20T12:16:17","modified_gmt":"2026-02-20T11:16:17","slug":"volunteering","status":"publish","type":"page","link":"https:\/\/evaluation.academy\/en\/volunteering\/","title":{"rendered":"Volunteering"},"content":{"rendered":"<div data-elementor-type=\"wp-page\" data-elementor-id=\"554\" class=\"elementor elementor-554\" data-elementor-settings=\"[]\">\n\t\t\t\t\t\t<div class=\"elementor-inner\">\n\t\t\t\t\t\t\t<div class=\"elementor-section-wrap\">\n\t\t\t\t\t\t\t<section class=\"elementor-section elementor-top-section elementor-element elementor-element-2578b2c2 elementor-section-full_width elementor-section-height-min-height elementor-section-height-default elementor-section-items-middle\" data-id=\"2578b2c2\" data-element_type=\"section\" data-settings=\"{&quot;background_background&quot;:&quot;classic&quot;}\">\n\t\t\t\t\t\t\t<div class=\"elementor-background-overlay\"><\/div>\n\t\t\t\t\t\t\t<div class=\"elementor-container elementor-column-gap-default\">\n\t\t\t\t\t\t\t<div class=\"elementor-row\">\n\t\t\t\t\t<div class=\"elementor-column elementor-col-100 elementor-top-column elementor-element elementor-element-7eebf735\" data-id=\"7eebf735\" data-element_type=\"column\">\n\t\t\t<div class=\"elementor-column-wrap elementor-element-populated\">\n\t\t\t\t\t\t\t<div class=\"elementor-widget-wrap\">\n\t\t\t\t\t\t<div class=\"elementor-element elementor-element-56fb5344 animated-slow elementor-invisible elementor-widget elementor-widget-heading\" data-id=\"56fb5344\" data-element_type=\"widget\" data-settings=\"{&quot;_animation&quot;:&quot;fadeIn&quot;,&quot;_animation_delay&quot;:300}\" data-widget_type=\"heading.default\">\n\t\t\t\t<div class=\"elementor-widget-container\">\n\t\t\t<h1 class=\"elementor-heading-title elementor-size-large\">Volunteering<\/h1>\t\t<\/div>\n\t\t\t\t<\/div>\n\t\t\t\t\t\t<\/div>\n\t\t\t\t\t<\/div>\n\t\t<\/div>\n\t\t\t\t\t\t\t\t<\/div>\n\t\t\t\t\t<\/div>\n\t\t<\/section>\n\t\t\t\t<section class=\"elementor-section elementor-top-section elementor-element elementor-element-0d93385 elementor-section-boxed elementor-section-height-default elementor-section-height-default\" data-id=\"0d93385\" data-element_type=\"section\">\n\t\t\t\t\t\t<div class=\"elementor-container elementor-column-gap-wide\">\n\t\t\t\t\t\t\t<div class=\"elementor-row\">\n\t\t\t\t\t<div class=\"elementor-column elementor-col-100 elementor-top-column elementor-element elementor-element-b0fd9e7\" data-id=\"b0fd9e7\" data-element_type=\"column\">\n\t\t\t<div class=\"elementor-column-wrap elementor-element-populated\">\n\t\t\t\t\t\t\t<div class=\"elementor-widget-wrap\">\n\t\t\t\t\t\t<div class=\"elementor-element elementor-element-103de0e elementor-widget elementor-widget-text-editor\" data-id=\"103de0e\" data-element_type=\"widget\" data-widget_type=\"text-editor.default\">\n\t\t\t\t<div class=\"elementor-widget-container\">\n\t\t\t\t\t<div class=\"elementor-text-editor elementor-clearfix\"><p><span style=\"font-size: 14px; color: var( --e-global-color-text );\">You are passionate about politics, knowledge transfer and would like to advocate for evaluation and evidence-based decision making in a transnational environment? Join us at European Evaluation Academy (EEA) as a volunteer!<\/span><\/p><\/div>\n\t\t\t\t<\/div>\n\t\t\t\t<\/div>\n\t\t\t\t<div class=\"elementor-element elementor-element-2791f1c elementor-widget elementor-widget-heading\" data-id=\"2791f1c\" data-element_type=\"widget\" data-widget_type=\"heading.default\">\n\t\t\t\t<div class=\"elementor-widget-container\">\n\t\t\t<h2 class=\"elementor-heading-title elementor-size-default\">About European Evaluation Academy<\/h2>\t\t<\/div>\n\t\t\t\t<\/div>\n\t\t\t\t<div class=\"elementor-element elementor-element-1148237 elementor-widget elementor-widget-text-editor\" data-id=\"1148237\" data-element_type=\"widget\" data-widget_type=\"text-editor.default\">\n\t\t\t\t<div class=\"elementor-widget-container\">\n\t\t\t\t\t<div class=\"elementor-text-editor elementor-clearfix\"><p>The European Evaluation Academy was founded in September 2020 as a non-profit organisation. It is a competence and training centre that promotes the exchange and transfer of knowledge in evaluation across (European) borders.\u00a0<\/p><p>Evaluators worldwide make an important contribution to sustainable social development. They use scientific tools to identify the potential of projects, programmes and policies. The EEA is committed to the further development of the field of evaluation with the purpose to promote good evaluation practice.<\/p><\/div>\n\t\t\t\t<\/div>\n\t\t\t\t<\/div>\n\t\t\t\t<div class=\"elementor-element elementor-element-251d966 elementor-widget elementor-widget-heading\" data-id=\"251d966\" data-element_type=\"widget\" data-widget_type=\"heading.default\">\n\t\t\t\t<div class=\"elementor-widget-container\">\n\t\t\t<h2 class=\"elementor-heading-title elementor-size-default\">Activities<\/h2>\t\t<\/div>\n\t\t\t\t<\/div>\n\t\t\t\t<div class=\"elementor-element elementor-element-8eb3a78 elementor-widget elementor-widget-text-editor\" data-id=\"8eb3a78\" data-element_type=\"widget\" data-widget_type=\"text-editor.default\">\n\t\t\t\t<div class=\"elementor-widget-container\">\n\t\t\t\t\t<div class=\"elementor-text-editor elementor-clearfix\"><ul>\n<li>The EEA is currently in its development phase and is looking for creative minds who are interested in contributing to the pooling of knowledge and networking of players in a future-oriented professional field.\n<\/li>\n<li>As an intern at EEA, you will be involved in the development and implementation of a wide range of activities with a focus on consultancy, training, knowledge management and networking in the field of evaluation.\n<\/li>\n<li>You will have the opportunity to contribute to concrete projects. In this context, you will learn about the requirements and framework conditions of evaluation in different policy fields (culture, education, environment etc.), as well as across policy fields.\n<\/li>\n<li><i style=\"font-size: 14px; color: var( --e-global-color-secondary );\"><i>For instance, you can support the following projects:<br><\/i><\/i><strong style=\"font-size: 14px; color: var( --e-global-color-secondary );\">evaluators@school:<\/strong><span style=\"font-size: 14px; color: var( --e-global-color-secondary );\"> We match evaluators with students so that they can learn where and how evaluation is used and discuss the differences between good and bad decisions. They can even conduct a small evaluation themselves with the help of experienced practitioners. The project is at pilot stage at the moment. For that, we need communicators and committed people, who enjoy connecting with evaluators, students and teachers. We also need organisational talents, who can help with coordination and fundraising, and creatives to prepare and convey complex content for the target group.<br><\/span><strong style=\"font-size: 14px; color: var( --e-global-color-secondary );\">Datenbanken:<\/strong><span style=\"font-size: 14px; color: var( --e-global-color-secondary );\"> Unfortunately, there is only limited exchange of experiences and knowledge across borders and cultural and language barriers. This is highly relevant, especially in areas where urgent problems need to be tackled with a relatively low budget \u2013 such as in education, integration, environmental protection, arts and culture as well as urban development and mobility. We are looking for programmers, who can help us grow! For our training opportunities and other international projects we need different databases in order to collect, translate and publish data, information and knowledge. That is why we urgently need dedicated support for our experienced developer and programmer. Programmers who enjoy demanding and sustainable solutions that are implemented technically clean in open source software, are very welcome!\n<p><\/p><\/span><\/li>\n<li>\n<p><span style=\"color: var( --e-global-color-secondary ); font-size: 14px;\">The EEA has an office in Bern and in Berlin that you can work from. In order to respond to the constantly changing situation of the Corona pandemic, you can also work from home.<\/span><\/p>\n<\/li>\n<\/ul><\/div>\n\t\t\t\t<\/div>\n\t\t\t\t<\/div>\n\t\t\t\t<div class=\"elementor-element elementor-element-835ebef elementor-widget elementor-widget-heading\" data-id=\"835ebef\" data-element_type=\"widget\" data-widget_type=\"heading.default\">\n\t\t\t\t<div class=\"elementor-widget-container\">\n\t\t\t<h2 class=\"elementor-heading-title elementor-size-default\">We look forward to hearing from you!<\/h2>\t\t<\/div>\n\t\t\t\t<\/div>\n\t\t\t\t<div class=\"elementor-element elementor-element-4fdaa8a elementor-widget elementor-widget-text-editor\" data-id=\"4fdaa8a\" data-element_type=\"widget\" data-widget_type=\"text-editor.default\">\n\t\t\t\t<div class=\"elementor-widget-container\">\n\t\t\t\t\t<div class=\"elementor-text-editor elementor-clearfix\"><p>If you are interested in joining the EEA, we would appreciate a short introduction of yourself (including information on the reasons for your interest, desired start date as well as possible connection to and previous experience with evaluation).<\/p>\n<p><b>If you have any questions, please contact<\/b><span style=\"font-size: 14px; color: var( --e-global-color-secondary );\"><br>Bj\u00f6rn Neuhaus (<a href=\"mailto:bjorn.neuhaus@evaluation.academy\">bjorn.neuhaus@evaluation.academy<\/a>&nbsp;| +41 31 552 19 92 oder +49 30 8093270-21)<\/span><\/p><\/div>\n\t\t\t\t<\/div>\n\t\t\t\t<\/div>\n\t\t\t\t\t\t<\/div>\n\t\t\t\t\t<\/div>\n\t\t<\/div>\n\t\t\t\t\t\t\t\t<\/div>\n\t\t\t\t\t<\/div>\n\t\t<\/section>\n\t\t\t\t\t\t<\/div>\n\t\t\t\t\t\t<\/div>\n\t\t\t\t\t<\/div>","protected":false},"excerpt":{"rendered":"<p>Volunteering Du begeisterst dich f\u00fcr Politik und Wissenstransfer und m\u00f6chtest in transnationalem Umfeld dazu beitragen, Evaluation und evidenzbasierte Entscheidungen in die Gesellschaft zu tragen? Werde Volunteer bei der Europ\u00e4ischen Akademie f\u00fcr Evaluation (engl. European Evaluation Academy \u2013 EEA)! Zur Europ\u00e4ischen Akademie f\u00fcr Evaluation Die Europ\u00e4ische Akademie f\u00fcr Evaluation wurde im September 2020 als gemeinwohlorientierte Organisation [&hellip;]<\/p>","protected":false},"author":1,"featured_media":0,"parent":0,"menu_order":0,"comment_status":"closed","ping_status":"closed","template":"","meta":{"spay_email":""},"yoast_head":"<!-- This site is optimized with the Yoast SEO plugin v15.7 - https:\/\/yoast.com\/wordpress\/plugins\/seo\/ -->\n<title>Volunteering - European Evaluation Academy EEA<\/title>\n<meta name=\"robots\" content=\"index, follow, max-snippet:-1, max-image-preview:large, max-video-preview:-1\" \/>\n<link rel=\"canonical\" href=\"https:\/\/evaluation.academy\/en\/volunteering\/\" \/>\n<meta property=\"og:locale\" content=\"en_GB\" \/>\n<meta property=\"og:type\" content=\"article\" \/>\n<meta property=\"og:title\" content=\"Volunteering - European Evaluation Academy EEA\" \/>\n<meta property=\"og:description\" content=\"Volunteering Du begeisterst dich f\u00fcr Politik und Wissenstransfer und m\u00f6chtest in transnationalem Umfeld dazu beitragen, Evaluation und evidenzbasierte Entscheidungen in die Gesellschaft zu tragen? Werde Volunteer bei der Europ\u00e4ischen Akademie f\u00fcr Evaluation (engl. European Evaluation Academy \u2013 EEA)! Zur Europ\u00e4ischen Akademie f\u00fcr Evaluation Die Europ\u00e4ische Akademie f\u00fcr Evaluation wurde im September 2020 als gemeinwohlorientierte Organisation [&hellip;]\" \/>\n<meta property=\"og:url\" content=\"https:\/\/evaluation.academy\/en\/volunteering\/\" \/>\n<meta property=\"og:site_name\" content=\"European Evaluation Academy EEA\" \/>\n<meta property=\"article:modified_time\" content=\"2026-02-20T11:16:17+00:00\" \/>\n<meta name=\"twitter:card\" content=\"summary_large_image\" \/>\n<meta name=\"twitter:label1\" content=\"Estimated reading time\">\n\t<meta name=\"twitter:data1\" content=\"3 minutes\">\n<script type=\"application\/ld+json\" class=\"yoast-schema-graph\">{\"@context\":\"https:\/\/schema.org\",\"@graph\":[{\"@type\":\"WebSite\",\"@id\":\"https:\/\/evaluation.academy\/#website\",\"url\":\"https:\/\/evaluation.academy\/\",\"name\":\"European Evaluation Academy EEA\",\"description\":\"Kompetenz- und Ausbildungszentrum f\\u00fcr Evaluation\",\"potentialAction\":[{\"@type\":\"SearchAction\",\"target\":\"https:\/\/evaluation.academy\/?s={search_term_string}\",\"query-input\":\"required name=search_term_string\"}],\"inLanguage\":\"en-GB\"},{\"@type\":\"WebPage\",\"@id\":\"https:\/\/evaluation.academy\/volunteering\/#webpage\",\"url\":\"https:\/\/evaluation.academy\/volunteering\/\",\"name\":\"Volunteering - European Evaluation Academy EEA\",\"isPartOf\":{\"@id\":\"https:\/\/evaluation.academy\/#website\"},\"datePublished\":\"2021-06-29T14:36:03+00:00\",\"dateModified\":\"2026-02-20T11:16:17+00:00\",\"inLanguage\":\"en-GB\",\"potentialAction\":[{\"@type\":\"ReadAction\",\"target\":[\"https:\/\/evaluation.academy\/volunteering\/\"]}]}]}<\/script>\n<!-- \/ Yoast SEO plugin. -->","_links":{"self":[{"href":"https:\/\/evaluation.academy\/en\/wp-json\/wp\/v2\/pages\/554"}],"collection":[{"href":"https:\/\/evaluation.academy\/en\/wp-json\/wp\/v2\/pages"}],"about":[{"href":"https:\/\/evaluation.academy\/en\/wp-json\/wp\/v2\/types\/page"}],"author":[{"embeddable":true,"href":"https:\/\/evaluation.academy\/en\/wp-json\/wp\/v2\/users\/1"}],"replies":[{"embeddable":true,"href":"https:\/\/evaluation.academy\/en\/wp-json\/wp\/v2\/comments?post=554"}],"version-history":[{"count":17,"href":"https:\/\/evaluation.academy\/en\/wp-json\/wp\/v2\/pages\/554\/revisions"}],"predecessor-version":[{"id":623,"href":"https:\/\/evaluation.academy\/en\/wp-json\/wp\/v2\/pages\/554\/revisions\/623"}],"wp:attachment":[{"href":"https:\/\/evaluation.academy\/en\/wp-json\/wp\/v2\/media?parent=554"}],"curies":[{"name":"wp","href":"https:\/\/api.w.org\/{rel}","templated":true}]}}