{"id":115,"date":"2020-09-16T15:40:25","date_gmt":"2020-09-16T13:40:25","guid":{"rendered":"http:\/\/evaluation.academy\/?page_id=115"},"modified":"2021-01-11T13:37:51","modified_gmt":"2021-01-11T12:37:51","slug":"kompetenzzentrum","status":"publish","type":"page","link":"https:\/\/evaluation.academy\/fr\/kompetenzzentrum\/","title":{"rendered":"Centre de comp\u00e9tences"},"content":{"rendered":"<div data-elementor-type=\"wp-page\" data-elementor-id=\"115\" class=\"elementor elementor-115\" data-elementor-settings=\"[]\">\n\t\t\t\t\t\t<div class=\"elementor-inner\">\n\t\t\t\t\t\t\t<div class=\"elementor-section-wrap\">\n\t\t\t\t\t\t\t<section class=\"elementor-section elementor-top-section elementor-element elementor-element-ea9ffc8 elementor-section-full_width elementor-section-height-min-height elementor-section-height-default elementor-section-items-middle\" data-id=\"ea9ffc8\" data-element_type=\"section\" data-settings=\"{&quot;background_background&quot;:&quot;classic&quot;}\">\n\t\t\t\t\t\t\t<div class=\"elementor-background-overlay\"><\/div>\n\t\t\t\t\t\t\t<div class=\"elementor-container elementor-column-gap-default\">\n\t\t\t\t\t\t\t<div class=\"elementor-row\">\n\t\t\t\t\t<div class=\"elementor-column elementor-col-100 elementor-top-column elementor-element elementor-element-a8975b4\" data-id=\"a8975b4\" data-element_type=\"column\">\n\t\t\t<div class=\"elementor-column-wrap elementor-element-populated\">\n\t\t\t\t\t\t\t<div class=\"elementor-widget-wrap\">\n\t\t\t\t\t\t<div class=\"elementor-element elementor-element-e5bb5b4 animated-slow elementor-invisible elementor-widget elementor-widget-heading\" data-id=\"e5bb5b4\" data-element_type=\"widget\" data-settings=\"{&quot;_animation&quot;:&quot;fadeIn&quot;,&quot;_animation_delay&quot;:300}\" data-widget_type=\"heading.default\">\n\t\t\t\t<div class=\"elementor-widget-container\">\n\t\t\t<h1 class=\"elementor-heading-title elementor-size-large\">Centre de comp\u00e9tences<\/h1>\t\t<\/div>\n\t\t\t\t<\/div>\n\t\t\t\t\t\t<\/div>\n\t\t\t\t\t<\/div>\n\t\t<\/div>\n\t\t\t\t\t\t\t\t<\/div>\n\t\t\t\t\t<\/div>\n\t\t<\/section>\n\t\t\t\t<section class=\"elementor-section elementor-top-section elementor-element elementor-element-2e44089 elementor-section-content-middle elementor-section-boxed elementor-section-height-default elementor-section-height-default\" data-id=\"2e44089\" data-element_type=\"section\">\n\t\t\t\t\t\t<div class=\"elementor-container elementor-column-gap-default\">\n\t\t\t\t\t\t\t<div class=\"elementor-row\">\n\t\t\t\t\t<div class=\"elementor-column elementor-col-100 elementor-top-column elementor-element elementor-element-78eb1ae\" data-id=\"78eb1ae\" data-element_type=\"column\">\n\t\t\t<div class=\"elementor-column-wrap elementor-element-populated\">\n\t\t\t\t\t\t\t<div class=\"elementor-widget-wrap\">\n\t\t\t\t\t\t<div class=\"elementor-element elementor-element-009bd0a elementor-widget__width-inherit elementor-widget elementor-widget-text-editor\" data-id=\"009bd0a\" data-element_type=\"widget\" data-widget_type=\"text-editor.default\">\n\t\t\t\t<div class=\"elementor-widget-container\">\n\t\t\t\t\t<div class=\"elementor-text-editor elementor-clearfix\"><p>La mission de l'acad\u00e9mie est de r\u00e9colter, structurer et transmettre des connaissances sur l'\u00e9valuation. Le but est de donner un aper\u00e7u de l'\u00e9ventail d'approches, de m\u00e9thodes et d'instruments et de promouvoir une bonne pratique de l'\u00e9valuation.<\/p><p>Wir informieren und beraten \u00fcber allgemeine Aspekte und Fragen \u00fcber Evaluation. Dabei richten wir uns ausdr\u00fccklich an alle, unabh\u00e4ngig welchen Bezug sie zu Evaluation haben:&nbsp; Evaluationsverantwortliche (z.B. Auftraggebende, Evaluationsbeauftragte, zur Evaluation verpflichtete F\u00f6rdermittelempf\u00e4nger\/innen), Evaluierende (intern oder extern), Evaluierte, Nutzende von Evaluationsergebnissen oder allgemein Interessierte. Bei speziellen Fragen vermitteln wir den Kontakt zu anerkannten Fachpersonen aus dem Feld.<\/p><p>Toutes les demandes sont bien entendu trait\u00e9es de mani\u00e8re confidentielle et votre nom ainsi que l'objet de votre demande ne seront jamais transmis sans votre accord pr\u00e9alable.<\/p><\/div>\n\t\t\t\t<\/div>\n\t\t\t\t<\/div>\n\t\t\t\t<div class=\"elementor-element elementor-element-a2a3289 elementor-align-center elementor-widget elementor-widget-button\" data-id=\"a2a3289\" data-element_type=\"widget\" data-widget_type=\"button.default\">\n\t\t\t\t<div class=\"elementor-widget-container\">\n\t\t\t\t\t<div class=\"elementor-button-wrapper\">\n\t\t\t<a href=\"https:\/\/evaluation.academy\/fr\/kontakt\/\" class=\"elementor-button-link elementor-button elementor-size-sm elementor-animation-float\" role=\"button\">\n\t\t\t\t\t\t<span class=\"elementor-button-content-wrapper\">\n\t\t\t\t\t\t<span class=\"elementor-button-text\">Nous contacter<\/span>\n\t\t<\/span>\n\t\t\t\t\t<\/a>\n\t\t<\/div>\n\t\t\t\t<\/div>\n\t\t\t\t<\/div>\n\t\t\t\t\t\t<\/div>\n\t\t\t\t\t<\/div>\n\t\t<\/div>\n\t\t\t\t\t\t\t\t<\/div>\n\t\t\t\t\t<\/div>\n\t\t<\/section>\n\t\t\t\t\t\t<\/div>\n\t\t\t\t\t\t<\/div>\n\t\t\t\t\t<\/div>","protected":false},"excerpt":{"rendered":"<p>Kompetenzzentrum Der Auftrag der Akademie ist die Sammlung, Strukturierung und Vermittlung von Wissen \u00fcber Evaluation. Es ist das Ziel einen \u00dcberblick \u00fcber die Bandbreite der Ans\u00e4tze, Methoden und Instrumente zu geben und eine gute Evaluationspraxis zu f\u00f6rdern. Wir informieren und beraten \u00fcber allgemeine Aspekte und Fragen \u00fcber Evaluation. Dabei richten wir uns ausdr\u00fccklich an alle, [&hellip;]<\/p>","protected":false},"author":1,"featured_media":0,"parent":0,"menu_order":0,"comment_status":"closed","ping_status":"closed","template":"","meta":{"spay_email":""},"yoast_head":"<!-- This site is optimized with the Yoast SEO plugin v15.7 - https:\/\/yoast.com\/wordpress\/plugins\/seo\/ -->\n<title>Kompetenzzentrum - European Evaluation Academy EEA<\/title>\n<meta name=\"robots\" content=\"index, follow, max-snippet:-1, max-image-preview:large, max-video-preview:-1\" \/>\n<link rel=\"canonical\" href=\"https:\/\/evaluation.academy\/fr\/kompetenzzentrum\/\" \/>\n<meta property=\"og:locale\" content=\"fr_FR\" \/>\n<meta property=\"og:type\" content=\"article\" \/>\n<meta property=\"og:title\" content=\"Kompetenzzentrum - European Evaluation Academy EEA\" \/>\n<meta property=\"og:description\" content=\"Kompetenzzentrum Der Auftrag der Akademie ist die Sammlung, Strukturierung und Vermittlung von Wissen \u00fcber Evaluation. Es ist das Ziel einen \u00dcberblick \u00fcber die Bandbreite der Ans\u00e4tze, Methoden und Instrumente zu geben und eine gute Evaluationspraxis zu f\u00f6rdern. Wir informieren und beraten \u00fcber allgemeine Aspekte und Fragen \u00fcber Evaluation. Dabei richten wir uns ausdr\u00fccklich an alle, [&hellip;]\" \/>\n<meta property=\"og:url\" content=\"https:\/\/evaluation.academy\/fr\/kompetenzzentrum\/\" \/>\n<meta property=\"og:site_name\" content=\"European Evaluation Academy EEA\" \/>\n<meta property=\"article:modified_time\" content=\"2021-01-11T12:37:51+00:00\" \/>\n<meta name=\"twitter:card\" content=\"summary_large_image\" \/>\n<meta name=\"twitter:label1\" content=\"Dur\u00e9e de lecture est.\">\n\t<meta name=\"twitter:data1\" content=\"1 minute\">\n<script type=\"application\/ld+json\" class=\"yoast-schema-graph\">{\"@context\":\"https:\/\/schema.org\",\"@graph\":[{\"@type\":\"WebSite\",\"@id\":\"https:\/\/evaluation.academy\/#website\",\"url\":\"https:\/\/evaluation.academy\/\",\"name\":\"European Evaluation Academy EEA\",\"description\":\"Kompetenz- und Ausbildungszentrum f\\u00fcr Evaluation\",\"potentialAction\":[{\"@type\":\"SearchAction\",\"target\":\"https:\/\/evaluation.academy\/?s={search_term_string}\",\"query-input\":\"required name=search_term_string\"}],\"inLanguage\":\"fr-FR\"},{\"@type\":\"WebPage\",\"@id\":\"https:\/\/evaluation.academy\/kompetenzzentrum\/#webpage\",\"url\":\"https:\/\/evaluation.academy\/kompetenzzentrum\/\",\"name\":\"Kompetenzzentrum - European Evaluation Academy EEA\",\"isPartOf\":{\"@id\":\"https:\/\/evaluation.academy\/#website\"},\"datePublished\":\"2020-09-16T13:40:25+00:00\",\"dateModified\":\"2021-01-11T12:37:51+00:00\",\"inLanguage\":\"fr-FR\",\"potentialAction\":[{\"@type\":\"ReadAction\",\"target\":[\"https:\/\/evaluation.academy\/kompetenzzentrum\/\"]}]}]}<\/script>\n<!-- \/ Yoast SEO plugin. -->","_links":{"self":[{"href":"https:\/\/evaluation.academy\/fr\/wp-json\/wp\/v2\/pages\/115"}],"collection":[{"href":"https:\/\/evaluation.academy\/fr\/wp-json\/wp\/v2\/pages"}],"about":[{"href":"https:\/\/evaluation.academy\/fr\/wp-json\/wp\/v2\/types\/page"}],"author":[{"embeddable":true,"href":"https:\/\/evaluation.academy\/fr\/wp-json\/wp\/v2\/users\/1"}],"replies":[{"embeddable":true,"href":"https:\/\/evaluation.academy\/fr\/wp-json\/wp\/v2\/comments?post=115"}],"version-history":[{"count":8,"href":"https:\/\/evaluation.academy\/fr\/wp-json\/wp\/v2\/pages\/115\/revisions"}],"predecessor-version":[{"id":385,"href":"https:\/\/evaluation.academy\/fr\/wp-json\/wp\/v2\/pages\/115\/revisions\/385"}],"wp:attachment":[{"href":"https:\/\/evaluation.academy\/fr\/wp-json\/wp\/v2\/media?parent=115"}],"curies":[{"name":"wp","href":"https:\/\/api.w.org\/{rel}","templated":true}]}}