{"id":18,"date":"2020-09-10T17:28:20","date_gmt":"2020-09-10T15:28:20","guid":{"rendered":"http:\/\/evaluation.academy\/?page_id=18"},"modified":"2026-02-18T14:05:02","modified_gmt":"2026-02-18T13:05:02","slug":"ueber-uns","status":"publish","type":"page","link":"https:\/\/evaluation.academy\/fr\/ueber-uns\/","title":{"rendered":"\u00dcber uns"},"content":{"rendered":"<div data-elementor-type=\"wp-page\" data-elementor-id=\"18\" class=\"elementor elementor-18\" data-elementor-settings=\"[]\">\n\t\t\t\t\t\t<div class=\"elementor-inner\">\n\t\t\t\t\t\t\t<div class=\"elementor-section-wrap\">\n\t\t\t\t\t\t\t<section class=\"elementor-section elementor-top-section elementor-element elementor-element-7e63e63 elementor-section-full_width elementor-section-height-min-height elementor-section-height-default elementor-section-items-middle\" data-id=\"7e63e63\" data-element_type=\"section\" data-settings=\"{&quot;background_background&quot;:&quot;classic&quot;}\">\n\t\t\t\t\t\t\t<div class=\"elementor-background-overlay\"><\/div>\n\t\t\t\t\t\t\t<div class=\"elementor-container elementor-column-gap-default\">\n\t\t\t\t\t\t\t<div class=\"elementor-row\">\n\t\t\t\t\t<div class=\"elementor-column elementor-col-100 elementor-top-column elementor-element elementor-element-941e69e\" data-id=\"941e69e\" data-element_type=\"column\">\n\t\t\t<div class=\"elementor-column-wrap elementor-element-populated\">\n\t\t\t\t\t\t\t<div class=\"elementor-widget-wrap\">\n\t\t\t\t\t\t<div class=\"elementor-element elementor-element-5cfb816 animated-slow elementor-invisible elementor-widget elementor-widget-heading\" data-id=\"5cfb816\" data-element_type=\"widget\" data-settings=\"{&quot;_animation&quot;:&quot;fadeIn&quot;,&quot;_animation_delay&quot;:300}\" data-widget_type=\"heading.default\">\n\t\t\t\t<div class=\"elementor-widget-container\">\n\t\t\t<h1 class=\"elementor-heading-title elementor-size-large\">Infos<\/h1>\t\t<\/div>\n\t\t\t\t<\/div>\n\t\t\t\t\t\t<\/div>\n\t\t\t\t\t<\/div>\n\t\t<\/div>\n\t\t\t\t\t\t\t\t<\/div>\n\t\t\t\t\t<\/div>\n\t\t<\/section>\n\t\t\t\t<section class=\"elementor-section elementor-top-section elementor-element elementor-element-030e39e elementor-section-content-middle elementor-section-boxed elementor-section-height-default elementor-section-height-default\" data-id=\"030e39e\" data-element_type=\"section\">\n\t\t\t\t\t\t<div class=\"elementor-container elementor-column-gap-default\">\n\t\t\t\t\t\t\t<div class=\"elementor-row\">\n\t\t\t\t\t<div class=\"elementor-column elementor-col-100 elementor-top-column elementor-element elementor-element-40f227a\" data-id=\"40f227a\" data-element_type=\"column\">\n\t\t\t<div class=\"elementor-column-wrap elementor-element-populated\">\n\t\t\t\t\t\t\t<div class=\"elementor-widget-wrap\">\n\t\t\t\t\t\t<div class=\"elementor-element elementor-element-c22668c elementor-widget elementor-widget-image\" data-id=\"c22668c\" data-element_type=\"widget\" data-widget_type=\"image.default\">\n\t\t\t\t<div class=\"elementor-widget-container\">\n\t\t\t\t\t<div class=\"elementor-image\">\n\t\t\t\t\t\t\t\t\t\t<img width=\"897\" height=\"907\" src=\"https:\/\/evaluation.academy\/wp-content\/uploads\/2020\/09\/pfeile.png\" class=\"attachment-full size-full\" alt=\"\" loading=\"lazy\" srcset=\"https:\/\/evaluation.academy\/wp-content\/uploads\/2020\/09\/pfeile.png 897w, https:\/\/evaluation.academy\/wp-content\/uploads\/2020\/09\/pfeile-297x300.png 297w, https:\/\/evaluation.academy\/wp-content\/uploads\/2020\/09\/pfeile-768x777.png 768w\" sizes=\"(max-width: 897px) 100vw, 897px\" \/>\t\t\t\t\t\t\t\t\t\t\t<\/div>\n\t\t\t\t<\/div>\n\t\t\t\t<\/div>\n\t\t\t\t<div class=\"elementor-element elementor-element-6294b44 elementor-widget__width-inherit elementor-widget elementor-widget-text-editor\" data-id=\"6294b44\" data-element_type=\"widget\" data-widget_type=\"text-editor.default\">\n\t\t\t\t<div class=\"elementor-widget-container\">\n\t\t\t\t\t<div class=\"elementor-text-editor elementor-clearfix\"><\/div>\n\t\t\t\t<\/div>\n\t\t\t\t<\/div>\n\t\t\t\t\t\t<\/div>\n\t\t\t\t\t<\/div>\n\t\t<\/div>\n\t\t\t\t\t\t\t\t<\/div>\n\t\t\t\t\t<\/div>\n\t\t<\/section>\n\t\t\t\t<section class=\"elementor-section elementor-top-section elementor-element elementor-element-f9cc769 elementor-section-boxed elementor-section-height-default elementor-section-height-default\" data-id=\"f9cc769\" data-element_type=\"section\">\n\t\t\t\t\t\t<div class=\"elementor-container elementor-column-gap-default\">\n\t\t\t\t\t\t\t<div class=\"elementor-row\">\n\t\t\t\t\t<div class=\"elementor-column elementor-col-50 elementor-top-column elementor-element elementor-element-d2126ac\" data-id=\"d2126ac\" data-element_type=\"column\">\n\t\t\t<div class=\"elementor-column-wrap elementor-element-populated\">\n\t\t\t\t\t\t\t<div class=\"elementor-widget-wrap\">\n\t\t\t\t\t\t<div class=\"elementor-element elementor-element-0a93c44 elementor-widget elementor-widget-text-editor\" data-id=\"0a93c44\" data-element_type=\"widget\" data-widget_type=\"text-editor.default\">\n\t\t\t\t<div class=\"elementor-widget-container\">\n\t\t\t\t\t<div class=\"elementor-text-editor elementor-clearfix\"><p>Die EEA wurde im Sommer 2020 in Bern (Schweiz) als gemeinwohlorientierte Organisation gegr\u00fcndet. Bj\u00f6rn Neuhaus ist Initiator und Gr\u00fcndungspr\u00e4sident. Urspr\u00fcnglich war der Plan, im Umfeld der Tagung 2020 der European Evaluaton Society EES in Kopenhagen ein Gr\u00fcndungsevent zu veranstalten. Durch die COVID-19-Pandemie wurde daraus leider nichts. Die Entwicklungsstrategie wurde angepasst: Anstatt ein gro\u00dfes Event mit vielen Menschen, wird nun \u201eStein f\u00fcr Stein\u201c aufgebaut.<\/p><p>Die EEA befindet sich momentan im \u00dcbergang von der Gr\u00fcndungs- zur Aufbauphase. Es gibt viele Ideen und eine Vision, die immer konkretere Formen annimmt. Die Strategie und ein Entwicklungsplan werden derzeit verschriftlich und mit verschiedenen Akteuren diskutiert. Erste Aktivit\u00e4ten und Projekte werden verfolgt, um Erfahrungen zu sammeln, die Grundlagen zu legen und Beispiele zu liefern, was wir tun und wie wir arbeiten wollen.<\/p><\/div>\n\t\t\t\t<\/div>\n\t\t\t\t<\/div>\n\t\t\t\t\t\t<\/div>\n\t\t\t\t\t<\/div>\n\t\t<\/div>\n\t\t\t\t<div class=\"elementor-column elementor-col-50 elementor-top-column elementor-element elementor-element-9c38828\" data-id=\"9c38828\" data-element_type=\"column\">\n\t\t\t<div class=\"elementor-column-wrap elementor-element-populated\">\n\t\t\t\t\t\t\t<div class=\"elementor-widget-wrap\">\n\t\t\t\t\t\t<div class=\"elementor-element elementor-element-880f3e3 elementor-widget elementor-widget-text-editor\" data-id=\"880f3e3\" data-element_type=\"widget\" data-widget_type=\"text-editor.default\">\n\t\t\t\t<div class=\"elementor-widget-container\">\n\t\t\t\t\t<div class=\"elementor-text-editor elementor-clearfix\"><p>Die EEA verfolgt keine Gewinnabsichten und soll auch nicht das Projekt einiger weniger Personen sein. Das Ziel ist, eine Organisation aufzubauen, die dauerhaft besteht und konstruktive Beitr\u00e4ge zur Entwicklung des Feldes Evaluation leistet. Eine unabh\u00e4ngige und solide Organisation, die auch Ver\u00e4nderungen und Krisen \u00fcberstehen kann. Eine nachhaltige Entwicklung ist daher wichtiger, als schnelle Erfolge zu erzielen.<\/p><p>Dazu ist nat\u00fcrlich eine solide finanzielle Ausstattung erforderlich. Wichtige Einnahmequellen werden Teilnehmendenbeitr\u00e4ge und projektbezogene Zusch\u00fcsse (von \u00f6ffentlicher Hand und Stiftungen) sein. Auch Spenden und sonstige Zuwendungen werden ben\u00f6tigt. Und nicht zuletzt werden Kooperationen eine wichtige Rolle in der Entwicklung spielen.<\/p><\/div>\n\t\t\t\t<\/div>\n\t\t\t\t<\/div>\n\t\t\t\t\t\t<\/div>\n\t\t\t\t\t<\/div>\n\t\t<\/div>\n\t\t\t\t\t\t\t\t<\/div>\n\t\t\t\t\t<\/div>\n\t\t<\/section>\n\t\t\t\t<section class=\"elementor-section elementor-top-section elementor-element elementor-element-16ef560 elementor-section-boxed elementor-section-height-default elementor-section-height-default\" data-id=\"16ef560\" data-element_type=\"section\">\n\t\t\t\t\t\t<div class=\"elementor-container elementor-column-gap-default\">\n\t\t\t\t\t\t\t<div class=\"elementor-row\">\n\t\t\t\t\t<div class=\"elementor-column elementor-col-100 elementor-top-column elementor-element elementor-element-c70544e\" data-id=\"c70544e\" data-element_type=\"column\">\n\t\t\t<div class=\"elementor-column-wrap elementor-element-populated\">\n\t\t\t\t\t\t\t<div class=\"elementor-widget-wrap\">\n\t\t\t\t\t\t<div class=\"elementor-element elementor-element-9638508 elementor-widget-divider--view-line elementor-widget elementor-widget-divider\" data-id=\"9638508\" data-element_type=\"widget\" data-widget_type=\"divider.default\">\n\t\t\t\t<div class=\"elementor-widget-container\">\n\t\t\t\t\t<div class=\"elementor-divider\">\n\t\t\t<span class=\"elementor-divider-separator\">\n\t\t\t\t\t\t<\/span>\n\t\t<\/div>\n\t\t\t\t<\/div>\n\t\t\t\t<\/div>\n\t\t\t\t\t\t<\/div>\n\t\t\t\t\t<\/div>\n\t\t<\/div>\n\t\t\t\t\t\t\t\t<\/div>\n\t\t\t\t\t<\/div>\n\t\t<\/section>\n\t\t\t\t<section class=\"elementor-section elementor-top-section elementor-element elementor-element-901e118 elementor-section-content-middle elementor-section-boxed elementor-section-height-default elementor-section-height-default\" data-id=\"901e118\" data-element_type=\"section\">\n\t\t\t\t\t\t<div class=\"elementor-container elementor-column-gap-default\">\n\t\t\t\t\t\t\t<div class=\"elementor-row\">\n\t\t\t\t\t<div class=\"elementor-column elementor-col-100 elementor-top-column elementor-element elementor-element-2338db0\" data-id=\"2338db0\" data-element_type=\"column\">\n\t\t\t<div class=\"elementor-column-wrap elementor-element-populated\">\n\t\t\t\t\t\t\t<div class=\"elementor-widget-wrap\">\n\t\t\t\t\t\t<div class=\"elementor-element elementor-element-a3f8ebf elementor-widget__width-inherit elementor-widget elementor-widget-text-editor\" data-id=\"a3f8ebf\" data-element_type=\"widget\" data-widget_type=\"text-editor.default\">\n\t\t\t\t<div class=\"elementor-widget-container\">\n\t\t\t\t\t<div class=\"elementor-text-editor elementor-clearfix\"><p><b>Ansprechperson<\/b><\/p><\/div>\n\t\t\t\t<\/div>\n\t\t\t\t<\/div>\n\t\t\t\t\t\t<\/div>\n\t\t\t\t\t<\/div>\n\t\t<\/div>\n\t\t\t\t\t\t\t\t<\/div>\n\t\t\t\t\t<\/div>\n\t\t<\/section>\n\t\t\t\t<section class=\"elementor-section elementor-top-section elementor-element elementor-element-d4e31a3 elementor-section-boxed elementor-section-height-default elementor-section-height-default\" data-id=\"d4e31a3\" data-element_type=\"section\">\n\t\t\t\t\t\t<div class=\"elementor-container elementor-column-gap-default\">\n\t\t\t\t\t\t\t<div class=\"elementor-row\">\n\t\t\t\t\t<div class=\"elementor-column elementor-col-33 elementor-top-column elementor-element elementor-element-160b405\" data-id=\"160b405\" data-element_type=\"column\">\n\t\t\t<div class=\"elementor-column-wrap elementor-element-populated\">\n\t\t\t\t\t\t\t<div class=\"elementor-widget-wrap\">\n\t\t\t\t\t\t<div class=\"elementor-element elementor-element-306eade elementor-widget elementor-widget-text-editor\" data-id=\"306eade\" data-element_type=\"widget\" data-widget_type=\"text-editor.default\">\n\t\t\t\t<div class=\"elementor-widget-container\">\n\t\t\t\t\t<div class=\"elementor-text-editor elementor-clearfix\"><\/div>\n\t\t\t\t<\/div>\n\t\t\t\t<\/div>\n\t\t\t\t\t\t<\/div>\n\t\t\t\t\t<\/div>\n\t\t<\/div>\n\t\t\t\t<div class=\"elementor-column elementor-col-33 elementor-top-column elementor-element elementor-element-8afa860\" data-id=\"8afa860\" data-element_type=\"column\">\n\t\t\t<div class=\"elementor-column-wrap elementor-element-populated\">\n\t\t\t\t\t\t\t<div class=\"elementor-widget-wrap\">\n\t\t\t\t\t\t<div class=\"elementor-element elementor-element-cd53228 elementor-widget elementor-widget-image\" data-id=\"cd53228\" data-element_type=\"widget\" data-widget_type=\"image.default\">\n\t\t\t\t<div class=\"elementor-widget-container\">\n\t\t\t\t\t<div class=\"elementor-image\">\n\t\t\t\t\t\t\t\t\t\t<img width=\"1024\" height=\"1024\" src=\"https:\/\/evaluation.academy\/wp-content\/uploads\/2020\/09\/team_bmn-1024x1024.png\" class=\"attachment-large size-large\" alt=\"\" loading=\"lazy\" srcset=\"https:\/\/evaluation.academy\/wp-content\/uploads\/2020\/09\/team_bmn-1024x1024.png 1024w, https:\/\/evaluation.academy\/wp-content\/uploads\/2020\/09\/team_bmn-300x300.png 300w, https:\/\/evaluation.academy\/wp-content\/uploads\/2020\/09\/team_bmn-150x150.png 150w, https:\/\/evaluation.academy\/wp-content\/uploads\/2020\/09\/team_bmn-768x768.png 768w, https:\/\/evaluation.academy\/wp-content\/uploads\/2020\/09\/team_bmn-1536x1536.png 1536w, https:\/\/evaluation.academy\/wp-content\/uploads\/2020\/09\/team_bmn.png 1920w\" sizes=\"(max-width: 1024px) 100vw, 1024px\" \/>\t\t\t\t\t\t\t\t\t\t\t<\/div>\n\t\t\t\t<\/div>\n\t\t\t\t<\/div>\n\t\t\t\t<div class=\"elementor-element elementor-element-a448adc elementor-widget elementor-widget-heading\" data-id=\"a448adc\" data-element_type=\"widget\" data-widget_type=\"heading.default\">\n\t\t\t\t<div class=\"elementor-widget-container\">\n\t\t\t<h2 class=\"elementor-heading-title elementor-size-default\">Bj\u00f6rn Neuhaus<br><font face=\"Roboto, sans-serif\" color=\"#54595f\"><span style=\"font-size: 14px; white-space: normal;\">Gr\u00fcndungspr\u00e4sident<\/span><\/font><\/h2>\t\t<\/div>\n\t\t\t\t<\/div>\n\t\t\t\t<div class=\"elementor-element elementor-element-26899c9 elementor-widget elementor-widget-text-editor\" data-id=\"26899c9\" data-element_type=\"widget\" data-widget_type=\"text-editor.default\">\n\t\t\t\t<div class=\"elementor-widget-container\">\n\t\t\t\t\t<div class=\"elementor-text-editor elementor-clearfix\"><p><a href=\"mailto:bjorn.neuhaus@evaluation.academy\"><span style=\"font-size: 14px;\">bjoern.neuhaus@evaluation.academy<\/span><\/a><br><span style=\"font-variant-ligatures: normal; font-variant-caps: normal; font-family: Roboto; font-size: 14px; font-style: normal;\"><b>t:<\/b> +41 31 552 19 91<br><b>Sprachen:<\/b> de | en | fr | pl<br><\/span><\/p><\/div>\n\t\t\t\t<\/div>\n\t\t\t\t<\/div>\n\t\t\t\t\t\t<\/div>\n\t\t\t\t\t<\/div>\n\t\t<\/div>\n\t\t\t\t<div class=\"elementor-column elementor-col-33 elementor-top-column elementor-element elementor-element-3858fd3\" data-id=\"3858fd3\" data-element_type=\"column\">\n\t\t\t<div class=\"elementor-column-wrap elementor-element-populated\">\n\t\t\t\t\t\t\t<div class=\"elementor-widget-wrap\">\n\t\t\t\t\t\t<div class=\"elementor-element elementor-element-e43339a elementor-widget elementor-widget-text-editor\" data-id=\"e43339a\" data-element_type=\"widget\" data-widget_type=\"text-editor.default\">\n\t\t\t\t<div class=\"elementor-widget-container\">\n\t\t\t\t\t<div class=\"elementor-text-editor elementor-clearfix\"><\/div>\n\t\t\t\t<\/div>\n\t\t\t\t<\/div>\n\t\t\t\t\t\t<\/div>\n\t\t\t\t\t<\/div>\n\t\t<\/div>\n\t\t\t\t\t\t\t\t<\/div>\n\t\t\t\t\t<\/div>\n\t\t<\/section>\n\t\t\t\t\t\t<\/div>\n\t\t\t\t\t\t<\/div>\n\t\t\t\t\t<\/div>","protected":false},"excerpt":{"rendered":"<p>\u00dcber Uns Die EEA wurde im Sommer 2020 in Bern (Schweiz) als gemeinwohlorientierte Organisation gegr\u00fcndet. Bj\u00f6rn Neuhaus ist Initiator und Gr\u00fcndungspr\u00e4sident. Urspr\u00fcnglich war der Plan, im Umfeld der Tagung 2020 der European Evaluaton Society EES in Kopenhagen ein Gr\u00fcndungsevent zu veranstalten. Durch die COVID-19-Pandemie wurde daraus leider nichts. Die Entwicklungsstrategie wurde angepasst: Anstatt ein gro\u00dfes [&hellip;]<\/p>","protected":false},"author":2,"featured_media":0,"parent":0,"menu_order":0,"comment_status":"closed","ping_status":"closed","template":"","meta":{"spay_email":""},"yoast_head":"<!-- This site is optimized with the Yoast SEO plugin v15.7 - https:\/\/yoast.com\/wordpress\/plugins\/seo\/ -->\n<title>\u00dcber uns - European Evaluation Academy EEA<\/title>\n<meta name=\"robots\" content=\"index, follow, max-snippet:-1, max-image-preview:large, max-video-preview:-1\" \/>\n<link rel=\"canonical\" href=\"https:\/\/evaluation.academy\/fr\/ueber-uns\/\" \/>\n<meta property=\"og:locale\" content=\"fr_FR\" \/>\n<meta property=\"og:type\" content=\"article\" \/>\n<meta property=\"og:title\" content=\"\u00dcber uns - European Evaluation Academy EEA\" \/>\n<meta property=\"og:description\" content=\"\u00dcber Uns Die EEA wurde im Sommer 2020 in Bern (Schweiz) als gemeinwohlorientierte Organisation gegr\u00fcndet. Bj\u00f6rn Neuhaus ist Initiator und Gr\u00fcndungspr\u00e4sident. Urspr\u00fcnglich war der Plan, im Umfeld der Tagung 2020 der European Evaluaton Society EES in Kopenhagen ein Gr\u00fcndungsevent zu veranstalten. Durch die COVID-19-Pandemie wurde daraus leider nichts. Die Entwicklungsstrategie wurde angepasst: Anstatt ein gro\u00dfes [&hellip;]\" \/>\n<meta property=\"og:url\" content=\"https:\/\/evaluation.academy\/fr\/ueber-uns\/\" \/>\n<meta property=\"og:site_name\" content=\"European Evaluation Academy EEA\" \/>\n<meta property=\"article:modified_time\" content=\"2026-02-18T13:05:02+00:00\" \/>\n<meta property=\"og:image\" content=\"https:\/\/evaluation.academy\/wp-content\/uploads\/2020\/09\/pfeile.png\" \/>\n<meta name=\"twitter:card\" content=\"summary_large_image\" \/>\n<meta name=\"twitter:label1\" content=\"Dur\u00e9e de lecture est.\">\n\t<meta name=\"twitter:data1\" content=\"2 minutes\">\n<script type=\"application\/ld+json\" class=\"yoast-schema-graph\">{\"@context\":\"https:\/\/schema.org\",\"@graph\":[{\"@type\":\"WebSite\",\"@id\":\"https:\/\/evaluation.academy\/#website\",\"url\":\"https:\/\/evaluation.academy\/\",\"name\":\"European Evaluation Academy EEA\",\"description\":\"Kompetenz- und Ausbildungszentrum f\\u00fcr Evaluation\",\"potentialAction\":[{\"@type\":\"SearchAction\",\"target\":\"https:\/\/evaluation.academy\/?s={search_term_string}\",\"query-input\":\"required name=search_term_string\"}],\"inLanguage\":\"fr-FR\"},{\"@type\":\"ImageObject\",\"@id\":\"https:\/\/evaluation.academy\/ueber-uns\/#primaryimage\",\"inLanguage\":\"fr-FR\",\"url\":\"https:\/\/evaluation.academy\/wp-content\/uploads\/2020\/09\/pfeile.png\",\"width\":897,\"height\":907},{\"@type\":\"WebPage\",\"@id\":\"https:\/\/evaluation.academy\/ueber-uns\/#webpage\",\"url\":\"https:\/\/evaluation.academy\/ueber-uns\/\",\"name\":\"\\u00dcber uns - European Evaluation Academy EEA\",\"isPartOf\":{\"@id\":\"https:\/\/evaluation.academy\/#website\"},\"primaryImageOfPage\":{\"@id\":\"https:\/\/evaluation.academy\/ueber-uns\/#primaryimage\"},\"datePublished\":\"2020-09-10T15:28:20+00:00\",\"dateModified\":\"2026-02-18T13:05:02+00:00\",\"inLanguage\":\"fr-FR\",\"potentialAction\":[{\"@type\":\"ReadAction\",\"target\":[\"https:\/\/evaluation.academy\/ueber-uns\/\"]}]}]}<\/script>\n<!-- \/ Yoast SEO plugin. -->","_links":{"self":[{"href":"https:\/\/evaluation.academy\/fr\/wp-json\/wp\/v2\/pages\/18"}],"collection":[{"href":"https:\/\/evaluation.academy\/fr\/wp-json\/wp\/v2\/pages"}],"about":[{"href":"https:\/\/evaluation.academy\/fr\/wp-json\/wp\/v2\/types\/page"}],"author":[{"embeddable":true,"href":"https:\/\/evaluation.academy\/fr\/wp-json\/wp\/v2\/users\/2"}],"replies":[{"embeddable":true,"href":"https:\/\/evaluation.academy\/fr\/wp-json\/wp\/v2\/comments?post=18"}],"version-history":[{"count":29,"href":"https:\/\/evaluation.academy\/fr\/wp-json\/wp\/v2\/pages\/18\/revisions"}],"predecessor-version":[{"id":612,"href":"https:\/\/evaluation.academy\/fr\/wp-json\/wp\/v2\/pages\/18\/revisions\/612"}],"wp:attachment":[{"href":"https:\/\/evaluation.academy\/fr\/wp-json\/wp\/v2\/media?parent=18"}],"curies":[{"name":"wp","href":"https:\/\/api.w.org\/{rel}","templated":true}]}}