{"id":22,"date":"2020-09-10T17:29:35","date_gmt":"2020-09-10T15:29:35","guid":{"rendered":"http:\/\/evaluation.academy\/?page_id=22"},"modified":"2021-01-11T13:36:46","modified_gmt":"2021-01-11T12:36:46","slug":"aus-und-weiterbildung","status":"publish","type":"page","link":"https:\/\/evaluation.academy\/fr\/aus-und-weiterbildung\/","title":{"rendered":"Formation initiale et continue"},"content":{"rendered":"<div data-elementor-type=\"wp-page\" data-elementor-id=\"22\" class=\"elementor elementor-22\" data-elementor-settings=\"[]\">\n\t\t\t\t\t\t<div class=\"elementor-inner\">\n\t\t\t\t\t\t\t<div class=\"elementor-section-wrap\">\n\t\t\t\t\t\t\t<section class=\"elementor-section elementor-top-section elementor-element elementor-element-246a649 elementor-section-full_width elementor-section-height-min-height elementor-section-height-default elementor-section-items-middle\" data-id=\"246a649\" data-element_type=\"section\" data-settings=\"{&quot;background_background&quot;:&quot;classic&quot;}\">\n\t\t\t\t\t\t\t<div class=\"elementor-background-overlay\"><\/div>\n\t\t\t\t\t\t\t<div class=\"elementor-container elementor-column-gap-default\">\n\t\t\t\t\t\t\t<div class=\"elementor-row\">\n\t\t\t\t\t<div class=\"elementor-column elementor-col-100 elementor-top-column elementor-element elementor-element-58609cf\" data-id=\"58609cf\" data-element_type=\"column\">\n\t\t\t<div class=\"elementor-column-wrap elementor-element-populated\">\n\t\t\t\t\t\t\t<div class=\"elementor-widget-wrap\">\n\t\t\t\t\t\t<div class=\"elementor-element elementor-element-a0165fb animated-slow elementor-invisible elementor-widget elementor-widget-heading\" data-id=\"a0165fb\" data-element_type=\"widget\" data-settings=\"{&quot;_animation&quot;:&quot;fadeIn&quot;,&quot;_animation_delay&quot;:300}\" data-widget_type=\"heading.default\">\n\t\t\t\t<div class=\"elementor-widget-container\">\n\t\t\t<h1 class=\"elementor-heading-title elementor-size-large\">Formation initiale et continue<\/h1>\t\t<\/div>\n\t\t\t\t<\/div>\n\t\t\t\t\t\t<\/div>\n\t\t\t\t\t<\/div>\n\t\t<\/div>\n\t\t\t\t\t\t\t\t<\/div>\n\t\t\t\t\t<\/div>\n\t\t<\/section>\n\t\t\t\t<section class=\"elementor-section elementor-top-section elementor-element elementor-element-403c0e4 elementor-section-content-middle elementor-section-boxed elementor-section-height-default elementor-section-height-default\" data-id=\"403c0e4\" data-element_type=\"section\">\n\t\t\t\t\t\t<div class=\"elementor-container elementor-column-gap-default\">\n\t\t\t\t\t\t\t<div class=\"elementor-row\">\n\t\t\t\t\t<div class=\"elementor-column elementor-col-100 elementor-top-column elementor-element elementor-element-1f28311\" data-id=\"1f28311\" data-element_type=\"column\">\n\t\t\t<div class=\"elementor-column-wrap elementor-element-populated\">\n\t\t\t\t\t\t\t<div class=\"elementor-widget-wrap\">\n\t\t\t\t\t\t<div class=\"elementor-element elementor-element-ad32b5e elementor-widget__width-inherit elementor-widget elementor-widget-text-editor\" data-id=\"ad32b5e\" data-element_type=\"widget\" data-widget_type=\"text-editor.default\">\n\t\t\t\t<div class=\"elementor-widget-container\">\n\t\t\t\t\t<div class=\"elementor-text-editor elementor-clearfix\"><p>Dans le cadre de la formation initiale, les bases de l'\u00e9valuation seront syst\u00e9matiquement trait\u00e9es et consolid\u00e9es. Lors de la formation continue, les connaissances sont approfondies et il est possible de s'orienter vers une sp\u00e9cialisation.<\/p>\n<p>Toute personne ayant des connaissances th\u00e9oriques ou pratiques ant\u00e9rieures peut les d\u00e9velopper et les compl\u00e9ter. Les praticiens exp\u00e9riement\u00e9s peuvent \u00e9galement contribuer activement \u00e0 la transmission des conniassances et au d\u00e9veloppement des comp\u00e9tences.<\/p><p>Plus d'informations sur l'offre suivront sous peu...<\/p><\/div>\n\t\t\t\t<\/div>\n\t\t\t\t<\/div>\n\t\t\t\t\t\t<\/div>\n\t\t\t\t\t<\/div>\n\t\t<\/div>\n\t\t\t\t\t\t\t\t<\/div>\n\t\t\t\t\t<\/div>\n\t\t<\/section>\n\t\t\t\t\t\t<\/div>\n\t\t\t\t\t\t<\/div>\n\t\t\t\t\t<\/div>","protected":false},"excerpt":{"rendered":"<p>Aus- und Weiterbildung Im Rahmen der Ausbildung werden zun\u00e4chst die Grundlagen systematisch und solide vermittelt. Im Rahmen der Weiterbildung gibt es die M\u00f6glichkeit zur Spezialisierung und Vertiefung. Wer theoretische oder praktische Vorkenntnisse hat, kann auf diese aufbauen und sie vervollst\u00e4ndigen. Erfahrene Praktiker k\u00f6nnen auch selbst aktiv zur Wissensvermittlung und Kompentenzentwicklung beitragen. Weitere Informationen zum Angbot [&hellip;]<\/p>","protected":false},"author":1,"featured_media":0,"parent":0,"menu_order":0,"comment_status":"closed","ping_status":"closed","template":"","meta":{"spay_email":""},"yoast_head":"<!-- This site is optimized with the Yoast SEO plugin v15.7 - https:\/\/yoast.com\/wordpress\/plugins\/seo\/ -->\n<title>Aus- und Weiterbildung - European Evaluation Academy EEA<\/title>\n<meta name=\"robots\" content=\"index, follow, max-snippet:-1, max-image-preview:large, max-video-preview:-1\" \/>\n<link rel=\"canonical\" href=\"https:\/\/evaluation.academy\/fr\/aus-und-weiterbildung\/\" \/>\n<meta property=\"og:locale\" content=\"fr_FR\" \/>\n<meta property=\"og:type\" content=\"article\" \/>\n<meta property=\"og:title\" content=\"Aus- und Weiterbildung - European Evaluation Academy EEA\" \/>\n<meta property=\"og:description\" content=\"Aus- und Weiterbildung Im Rahmen der Ausbildung werden zun\u00e4chst die Grundlagen systematisch und solide vermittelt. Im Rahmen der Weiterbildung gibt es die M\u00f6glichkeit zur Spezialisierung und Vertiefung. Wer theoretische oder praktische Vorkenntnisse hat, kann auf diese aufbauen und sie vervollst\u00e4ndigen. Erfahrene Praktiker k\u00f6nnen auch selbst aktiv zur Wissensvermittlung und Kompentenzentwicklung beitragen. Weitere Informationen zum Angbot [&hellip;]\" \/>\n<meta property=\"og:url\" content=\"https:\/\/evaluation.academy\/fr\/aus-und-weiterbildung\/\" \/>\n<meta property=\"og:site_name\" content=\"European Evaluation Academy EEA\" \/>\n<meta property=\"article:modified_time\" content=\"2021-01-11T12:36:46+00:00\" \/>\n<meta name=\"twitter:card\" content=\"summary_large_image\" \/>\n<script type=\"application\/ld+json\" class=\"yoast-schema-graph\">{\"@context\":\"https:\/\/schema.org\",\"@graph\":[{\"@type\":\"WebSite\",\"@id\":\"https:\/\/evaluation.academy\/#website\",\"url\":\"https:\/\/evaluation.academy\/\",\"name\":\"European Evaluation Academy EEA\",\"description\":\"Kompetenz- und Ausbildungszentrum f\\u00fcr Evaluation\",\"potentialAction\":[{\"@type\":\"SearchAction\",\"target\":\"https:\/\/evaluation.academy\/?s={search_term_string}\",\"query-input\":\"required name=search_term_string\"}],\"inLanguage\":\"fr-FR\"},{\"@type\":\"WebPage\",\"@id\":\"https:\/\/evaluation.academy\/aus-und-weiterbildung\/#webpage\",\"url\":\"https:\/\/evaluation.academy\/aus-und-weiterbildung\/\",\"name\":\"Aus- und Weiterbildung - European Evaluation Academy EEA\",\"isPartOf\":{\"@id\":\"https:\/\/evaluation.academy\/#website\"},\"datePublished\":\"2020-09-10T15:29:35+00:00\",\"dateModified\":\"2021-01-11T12:36:46+00:00\",\"inLanguage\":\"fr-FR\",\"potentialAction\":[{\"@type\":\"ReadAction\",\"target\":[\"https:\/\/evaluation.academy\/aus-und-weiterbildung\/\"]}]}]}<\/script>\n<!-- \/ Yoast SEO plugin. -->","_links":{"self":[{"href":"https:\/\/evaluation.academy\/fr\/wp-json\/wp\/v2\/pages\/22"}],"collection":[{"href":"https:\/\/evaluation.academy\/fr\/wp-json\/wp\/v2\/pages"}],"about":[{"href":"https:\/\/evaluation.academy\/fr\/wp-json\/wp\/v2\/types\/page"}],"author":[{"embeddable":true,"href":"https:\/\/evaluation.academy\/fr\/wp-json\/wp\/v2\/users\/1"}],"replies":[{"embeddable":true,"href":"https:\/\/evaluation.academy\/fr\/wp-json\/wp\/v2\/comments?post=22"}],"version-history":[{"count":9,"href":"https:\/\/evaluation.academy\/fr\/wp-json\/wp\/v2\/pages\/22\/revisions"}],"predecessor-version":[{"id":382,"href":"https:\/\/evaluation.academy\/fr\/wp-json\/wp\/v2\/pages\/22\/revisions\/382"}],"wp:attachment":[{"href":"https:\/\/evaluation.academy\/fr\/wp-json\/wp\/v2\/media?parent=22"}],"curies":[{"name":"wp","href":"https:\/\/api.w.org\/{rel}","templated":true}]}}