{"id":299,"date":"2020-10-07T14:30:53","date_gmt":"2020-10-07T12:30:53","guid":{"rendered":"https:\/\/evaluation.academy\/?page_id=299"},"modified":"2026-02-18T14:15:06","modified_gmt":"2026-02-18T13:15:06","slug":"praktikum","status":"publish","type":"page","link":"https:\/\/evaluation.academy\/fr\/praktikum\/","title":{"rendered":"Stage"},"content":{"rendered":"<div data-elementor-type=\"wp-page\" data-elementor-id=\"299\" class=\"elementor elementor-299\" data-elementor-settings=\"[]\">\n\t\t\t\t\t\t<div class=\"elementor-inner\">\n\t\t\t\t\t\t\t<div class=\"elementor-section-wrap\">\n\t\t\t\t\t\t\t<section class=\"elementor-section elementor-top-section elementor-element elementor-element-2578b2c2 elementor-section-full_width elementor-section-height-min-height elementor-section-height-default elementor-section-items-middle\" data-id=\"2578b2c2\" data-element_type=\"section\" data-settings=\"{&quot;background_background&quot;:&quot;classic&quot;}\">\n\t\t\t\t\t\t\t<div class=\"elementor-background-overlay\"><\/div>\n\t\t\t\t\t\t\t<div class=\"elementor-container elementor-column-gap-default\">\n\t\t\t\t\t\t\t<div class=\"elementor-row\">\n\t\t\t\t\t<div class=\"elementor-column elementor-col-100 elementor-top-column elementor-element elementor-element-7eebf735\" data-id=\"7eebf735\" data-element_type=\"column\">\n\t\t\t<div class=\"elementor-column-wrap elementor-element-populated\">\n\t\t\t\t\t\t\t<div class=\"elementor-widget-wrap\">\n\t\t\t\t\t\t<div class=\"elementor-element elementor-element-56fb5344 animated-slow elementor-invisible elementor-widget elementor-widget-heading\" data-id=\"56fb5344\" data-element_type=\"widget\" data-settings=\"{&quot;_animation&quot;:&quot;fadeIn&quot;,&quot;_animation_delay&quot;:300}\" data-widget_type=\"heading.default\">\n\t\t\t\t<div class=\"elementor-widget-container\">\n\t\t\t<h1 class=\"elementor-heading-title elementor-size-large\">Stage<\/h1>\t\t<\/div>\n\t\t\t\t<\/div>\n\t\t\t\t\t\t<\/div>\n\t\t\t\t\t<\/div>\n\t\t<\/div>\n\t\t\t\t\t\t\t\t<\/div>\n\t\t\t\t\t<\/div>\n\t\t<\/section>\n\t\t\t\t<section class=\"elementor-section elementor-top-section elementor-element elementor-element-0d93385 elementor-section-boxed elementor-section-height-default elementor-section-height-default\" data-id=\"0d93385\" data-element_type=\"section\">\n\t\t\t\t\t\t<div class=\"elementor-container elementor-column-gap-wide\">\n\t\t\t\t\t\t\t<div class=\"elementor-row\">\n\t\t\t\t\t<div class=\"elementor-column elementor-col-100 elementor-top-column elementor-element elementor-element-b0fd9e7\" data-id=\"b0fd9e7\" data-element_type=\"column\">\n\t\t\t<div class=\"elementor-column-wrap elementor-element-populated\">\n\t\t\t\t\t\t\t<div class=\"elementor-widget-wrap\">\n\t\t\t\t\t\t<div class=\"elementor-element elementor-element-d28fe2d elementor-widget elementor-widget-heading\" data-id=\"d28fe2d\" data-element_type=\"widget\" data-widget_type=\"heading.default\">\n\t\t\t\t<div class=\"elementor-widget-container\">\n\t\t\t<h2 class=\"elementor-heading-title elementor-size-default\">Travailler \u00e0 l'intersection entre sciences et pratique : Stage \u00e0 l'Acad\u00e9mie Europ\u00e9enne pour l'\u00c9valuation<\/h2>\t\t<\/div>\n\t\t\t\t<\/div>\n\t\t\t\t<div class=\"elementor-element elementor-element-103de0e elementor-widget elementor-widget-text-editor\" data-id=\"103de0e\" data-element_type=\"widget\" data-widget_type=\"text-editor.default\">\n\t\t\t\t<div class=\"elementor-widget-container\">\n\t\t\t\t\t<div class=\"elementor-text-editor elementor-clearfix\"><p>Tu cherches un stage qui a du sens pour le(s) prochain(s) semestre(s) ? Deviens stagiaire \u00e0 l'Acad\u00e9mie Europ\u00e9enne de l'\u00c9valuation (angl. European Evaluation Academy \u2013 EEA) !<span style=\"font-size: 14px; color: var( --e-global-color-text );\"><br \/><\/span><\/p><\/div>\n\t\t\t\t<\/div>\n\t\t\t\t<\/div>\n\t\t\t\t<div class=\"elementor-element elementor-element-2791f1c elementor-widget elementor-widget-heading\" data-id=\"2791f1c\" data-element_type=\"widget\" data-widget_type=\"heading.default\">\n\t\t\t\t<div class=\"elementor-widget-container\">\n\t\t\t<h2 class=\"elementor-heading-title elementor-size-default\">\u00c0 propos de l'Acad\u00e9mie Europ\u00e9enne de l'\u00c9valutation<\/h2>\t\t<\/div>\n\t\t\t\t<\/div>\n\t\t\t\t<div class=\"elementor-element elementor-element-1148237 elementor-widget elementor-widget-text-editor\" data-id=\"1148237\" data-element_type=\"widget\" data-widget_type=\"text-editor.default\">\n\t\t\t\t<div class=\"elementor-widget-container\">\n\t\t\t\t\t<div class=\"elementor-text-editor elementor-clearfix\"><p>L'Acad\u00e9mie Europ\u00e9enne de l'\u00c9valutation est une organisation \u00e0 but non lucratif fond\u00e9e en septembre 2020. C'est un centre de formation et de comp\u00e9tences qui promeut l'\u00e9change et le transfert de connaissances relatives \u00e0 l'\u00e9valuation \u00e0 travers l'Europe.\u00a0<\/p><p>Les \u00e9valuateurs du monde entier apportent une contribution importante au d\u00e9veloppement social durable. Ils utilisent des outils scientifiques pour identifier le potentiel des projets, programmes et politiques. L'EEA s'engage \u00e0 poursuivre le d\u00e9veloppement transnational du domaine de l'\u00e9valuation dans le but de promouvoir de bonnes pratiques dans ce secteur.<\/p><\/div>\n\t\t\t\t<\/div>\n\t\t\t\t<\/div>\n\t\t\t\t<div class=\"elementor-element elementor-element-251d966 elementor-widget elementor-widget-heading\" data-id=\"251d966\" data-element_type=\"widget\" data-widget_type=\"heading.default\">\n\t\t\t\t<div class=\"elementor-widget-container\">\n\t\t\t<h2 class=\"elementor-heading-title elementor-size-default\">\u00c0 propos du stage<\/h2>\t\t<\/div>\n\t\t\t\t<\/div>\n\t\t\t\t<div class=\"elementor-element elementor-element-8eb3a78 elementor-widget elementor-widget-text-editor\" data-id=\"8eb3a78\" data-element_type=\"widget\" data-widget_type=\"text-editor.default\">\n\t\t\t\t<div class=\"elementor-widget-container\">\n\t\t\t\t\t<div class=\"elementor-text-editor elementor-clearfix\"><ul>\n<li>L'EEA est en phase de d\u00e9veloppement et recherche des esprits cr\u00e9atifs qui sont int\u00e9ress\u00e9s \u00e0 contribuer \u00e0 la mise en commun de connaissance et la mise en r\u00e9seau d'acteurs dans un domaine professionnel tourn\u00e9 vers l'avenir.<\/li>\n<\/ul>\n<ul>\n<li>En tant que stagiaire de l'EEA, tu seras impliqu\u00e9\u00b7e dans le d\u00e9veloppement et la mise en \u0153uvre d'un large \u00e9ventail d'activit\u00e9s avec un accent sur le conseil, la formation, la gestion des connaissances et la mise en r\u00e9seau des acteurs dans le domaine de l'\u00e9valuation.<\/li>\n<\/ul>\n<ul>\n<li>Tu auras l'opportunit\u00e9 de contribuer \u00e0 des projets concrets. \u00c0 cet \u00e9gard, tu d\u00e9couvriras les exigences et les conditions-cadres de l'\u00e9valuation dans diff\u00e9rents domaines politiques (culture, \u00e9ducation, environnement, etc.), ainsi que dans les domaines transversaux !<\/li>\n<\/ul>\n<ul>\n<li><span style=\"font-size: 14px; color: var( --e-global-color-secondary );\">Dans le cadre de ton stage, tu auras \u00e9galement la possiblit\u00e9 de participer \u00e0 une formation continue de haute qualit\u00e9 en \u00e9valuation. Les premiers cours te donneront un aper\u00e7u sur ce que signifie travailler en tant qu'\u00e9valuateur et te fourniront des connaissances de base qui te pr\u00e9pareront \u00e0 une carri\u00e8re dans ce secteur.<\/span><\/li>\n<\/ul>\n<ul>\n<li><span style=\"font-size: 14px; color: var( --e-global-color-secondary );\">La dur\u00e9e du stage est d'au moins quatre semaines. Il peut \u00eatre r\u00e9alis\u00e9 parall\u00e8lement \u00e0 tes \u00e9tudes.<\/span><\/li>\n<\/ul>\n<ul>\n<li><span style=\"font-size: 14px; color: var( --e-global-color-secondary );\">L'EEA dispose d'un bureau \u00e0 Berne et \u00e0 Berlin, depuis lequel tu peux travailler. Afin de r\u00e9pondre \u00e0 la situation sanitaire due \u00e0 l'\u00e9pid\u00e9mie de la Covid, tu peux \u00e9galement travailler depuis chez vous.<br><\/span><\/li>\n<\/ul><\/div>\n\t\t\t\t<\/div>\n\t\t\t\t<\/div>\n\t\t\t\t<div class=\"elementor-element elementor-element-835ebef elementor-widget elementor-widget-heading\" data-id=\"835ebef\" data-element_type=\"widget\" data-widget_type=\"heading.default\">\n\t\t\t\t<div class=\"elementor-widget-container\">\n\t\t\t<h2 class=\"elementor-heading-title elementor-size-default\">Postule avec nous, nous t'attends avec impatience !<\/h2>\t\t<\/div>\n\t\t\t\t<\/div>\n\t\t\t\t<div class=\"elementor-element elementor-element-4fdaa8a elementor-widget elementor-widget-text-editor\" data-id=\"4fdaa8a\" data-element_type=\"widget\" data-widget_type=\"text-editor.default\">\n\t\t\t\t<div class=\"elementor-widget-container\">\n\t\t\t\t\t<div class=\"elementor-text-editor elementor-clearfix\"><p>Envoie nous une lettre de motivation et une lettre d'accompagnement dans un seul fichier au format .pdf (expliquant vos motivations, la raison de votre stage, la dur\u00e9e et le d\u00e9but souhait\u00e9s, vos r\u00e9f\u00e9rences et exp\u00e9riences dans le domaine de l'\u00e9valuation) ainsi qu'un curriculum vitae sous forme de tableau au format Europass.<\/p>\n<p><b>Si tu as des questions<\/b><span style=\"font-size: 14px; color: var( --e-global-color-secondary );\"><br>Bj\u00f6rn Neuhaus (<a href=\"mailto:bjorn.neuhaus@evaluation.academy\">bjoern.neuhaus@evaluation.academy<\/a>&nbsp;| +41 31 552 19 92 oder +49 30 8093270-21)<\/span><\/p><\/div>\n\t\t\t\t<\/div>\n\t\t\t\t<\/div>\n\t\t\t\t<div class=\"elementor-element elementor-element-c20f759 elementor-align-center elementor-widget elementor-widget-global elementor-global-513 elementor-widget-button\" data-id=\"c20f759\" data-element_type=\"widget\" data-widget_type=\"button.default\">\n\t\t\t\t<div class=\"elementor-widget-container\">\n\t\t\t\t\t<div class=\"elementor-button-wrapper\">\n\t\t\t<a href=\"https:\/\/evaluation.academy\/wp-content\/uploads\/2021\/03\/EEA_Praktikum_de.pdf\" class=\"elementor-button-link elementor-button elementor-size-sm elementor-animation-float\" role=\"button\">\n\t\t\t\t\t\t<span class=\"elementor-button-content-wrapper\">\n\t\t\t\t\t\t<span class=\"elementor-button-icon elementor-align-icon-left\">\n\t\t\t\t<i aria-hidden=\"true\" class=\"fas fa-file-download\"><\/i>\t\t\t<\/span>\n\t\t\t\t\t\t<span class=\"elementor-button-text\">T\u00e9l\u00e9charger<\/span>\n\t\t<\/span>\n\t\t\t\t\t<\/a>\n\t\t<\/div>\n\t\t\t\t<\/div>\n\t\t\t\t<\/div>\n\t\t\t\t\t\t<\/div>\n\t\t\t\t\t<\/div>\n\t\t<\/div>\n\t\t\t\t\t\t\t\t<\/div>\n\t\t\t\t\t<\/div>\n\t\t<\/section>\n\t\t\t\t\t\t<\/div>\n\t\t\t\t\t\t<\/div>\n\t\t\t\t\t<\/div>","protected":false},"excerpt":{"rendered":"<p>Praktikum Arbeiten an der Schnittstelle von Wissenschaft und Praxis: Praktikum an der Europ\u00e4ischen Akademie fu\u0308r Evaluation Bist du noch auf der Suche nach einem interessanten Praktikum fu\u0308r das Sommersemester 2026 oder das Wintersemester 2026\/27? Werde Praktikant\/in bei der Europ\u00e4ischen Akademie fu\u0308r Evaluation (engl. European Evaluation Academy \u2013 EEA)! Zur Europ\u00e4ischen Akademie fu\u0308r Evaluation Die Europ\u00e4ische [&hellip;]<\/p>","protected":false},"author":1,"featured_media":0,"parent":0,"menu_order":0,"comment_status":"closed","ping_status":"closed","template":"","meta":{"spay_email":""},"yoast_head":"<!-- This site is optimized with the Yoast SEO plugin v15.7 - https:\/\/yoast.com\/wordpress\/plugins\/seo\/ -->\n<title>Praktikum - European Evaluation Academy EEA<\/title>\n<meta name=\"robots\" content=\"index, follow, max-snippet:-1, max-image-preview:large, max-video-preview:-1\" \/>\n<link rel=\"canonical\" href=\"https:\/\/evaluation.academy\/fr\/praktikum\/\" \/>\n<meta property=\"og:locale\" content=\"fr_FR\" \/>\n<meta property=\"og:type\" content=\"article\" \/>\n<meta property=\"og:title\" content=\"Praktikum - European Evaluation Academy EEA\" \/>\n<meta property=\"og:description\" content=\"Praktikum Arbeiten an der Schnittstelle von Wissenschaft und Praxis: Praktikum an der Europ\u00e4ischen Akademie fu\u0308r Evaluation Bist du noch auf der Suche nach einem interessanten Praktikum fu\u0308r das Sommersemester 2026 oder das Wintersemester 2026\/27? Werde Praktikant\/in bei der Europ\u00e4ischen Akademie fu\u0308r Evaluation (engl. European Evaluation Academy \u2013 EEA)! Zur Europ\u00e4ischen Akademie fu\u0308r Evaluation Die Europ\u00e4ische [&hellip;]\" \/>\n<meta property=\"og:url\" content=\"https:\/\/evaluation.academy\/fr\/praktikum\/\" \/>\n<meta property=\"og:site_name\" content=\"European Evaluation Academy EEA\" \/>\n<meta property=\"article:modified_time\" content=\"2026-02-18T13:15:06+00:00\" \/>\n<meta name=\"twitter:card\" content=\"summary_large_image\" \/>\n<meta name=\"twitter:label1\" content=\"Dur\u00e9e de lecture est.\">\n\t<meta name=\"twitter:data1\" content=\"2 minutes\">\n<script type=\"application\/ld+json\" class=\"yoast-schema-graph\">{\"@context\":\"https:\/\/schema.org\",\"@graph\":[{\"@type\":\"WebSite\",\"@id\":\"https:\/\/evaluation.academy\/#website\",\"url\":\"https:\/\/evaluation.academy\/\",\"name\":\"European Evaluation Academy EEA\",\"description\":\"Kompetenz- und Ausbildungszentrum f\\u00fcr Evaluation\",\"potentialAction\":[{\"@type\":\"SearchAction\",\"target\":\"https:\/\/evaluation.academy\/?s={search_term_string}\",\"query-input\":\"required name=search_term_string\"}],\"inLanguage\":\"fr-FR\"},{\"@type\":\"WebPage\",\"@id\":\"https:\/\/evaluation.academy\/praktikum\/#webpage\",\"url\":\"https:\/\/evaluation.academy\/praktikum\/\",\"name\":\"Praktikum - European Evaluation Academy EEA\",\"isPartOf\":{\"@id\":\"https:\/\/evaluation.academy\/#website\"},\"datePublished\":\"2020-10-07T12:30:53+00:00\",\"dateModified\":\"2026-02-18T13:15:06+00:00\",\"inLanguage\":\"fr-FR\",\"potentialAction\":[{\"@type\":\"ReadAction\",\"target\":[\"https:\/\/evaluation.academy\/praktikum\/\"]}]}]}<\/script>\n<!-- \/ Yoast SEO plugin. -->","_links":{"self":[{"href":"https:\/\/evaluation.academy\/fr\/wp-json\/wp\/v2\/pages\/299"}],"collection":[{"href":"https:\/\/evaluation.academy\/fr\/wp-json\/wp\/v2\/pages"}],"about":[{"href":"https:\/\/evaluation.academy\/fr\/wp-json\/wp\/v2\/types\/page"}],"author":[{"embeddable":true,"href":"https:\/\/evaluation.academy\/fr\/wp-json\/wp\/v2\/users\/1"}],"replies":[{"embeddable":true,"href":"https:\/\/evaluation.academy\/fr\/wp-json\/wp\/v2\/comments?post=299"}],"version-history":[{"count":33,"href":"https:\/\/evaluation.academy\/fr\/wp-json\/wp\/v2\/pages\/299\/revisions"}],"predecessor-version":[{"id":620,"href":"https:\/\/evaluation.academy\/fr\/wp-json\/wp\/v2\/pages\/299\/revisions\/620"}],"wp:attachment":[{"href":"https:\/\/evaluation.academy\/fr\/wp-json\/wp\/v2\/media?parent=299"}],"curies":[{"name":"wp","href":"https:\/\/api.w.org\/{rel}","templated":true}]}}