{"id":554,"date":"2021-06-29T16:36:03","date_gmt":"2021-06-29T14:36:03","guid":{"rendered":"https:\/\/evaluation.academy\/?page_id=554"},"modified":"2026-02-20T12:16:17","modified_gmt":"2026-02-20T11:16:17","slug":"volunteering","status":"publish","type":"page","link":"https:\/\/evaluation.academy\/fr\/volunteering\/","title":{"rendered":"Volunteering"},"content":{"rendered":"<div data-elementor-type=\"wp-page\" data-elementor-id=\"554\" class=\"elementor elementor-554\" data-elementor-settings=\"[]\">\n\t\t\t\t\t\t<div class=\"elementor-inner\">\n\t\t\t\t\t\t\t<div class=\"elementor-section-wrap\">\n\t\t\t\t\t\t\t<section class=\"elementor-section elementor-top-section elementor-element elementor-element-2578b2c2 elementor-section-full_width elementor-section-height-min-height elementor-section-height-default elementor-section-items-middle\" data-id=\"2578b2c2\" data-element_type=\"section\" data-settings=\"{&quot;background_background&quot;:&quot;classic&quot;}\">\n\t\t\t\t\t\t\t<div class=\"elementor-background-overlay\"><\/div>\n\t\t\t\t\t\t\t<div class=\"elementor-container elementor-column-gap-default\">\n\t\t\t\t\t\t\t<div class=\"elementor-row\">\n\t\t\t\t\t<div class=\"elementor-column elementor-col-100 elementor-top-column elementor-element elementor-element-7eebf735\" data-id=\"7eebf735\" data-element_type=\"column\">\n\t\t\t<div class=\"elementor-column-wrap elementor-element-populated\">\n\t\t\t\t\t\t\t<div class=\"elementor-widget-wrap\">\n\t\t\t\t\t\t<div class=\"elementor-element elementor-element-56fb5344 animated-slow elementor-invisible elementor-widget elementor-widget-heading\" data-id=\"56fb5344\" data-element_type=\"widget\" data-settings=\"{&quot;_animation&quot;:&quot;fadeIn&quot;,&quot;_animation_delay&quot;:300}\" data-widget_type=\"heading.default\">\n\t\t\t\t<div class=\"elementor-widget-container\">\n\t\t\t<h1 class=\"elementor-heading-title elementor-size-large\">Volunteering<\/h1>\t\t<\/div>\n\t\t\t\t<\/div>\n\t\t\t\t\t\t<\/div>\n\t\t\t\t\t<\/div>\n\t\t<\/div>\n\t\t\t\t\t\t\t\t<\/div>\n\t\t\t\t\t<\/div>\n\t\t<\/section>\n\t\t\t\t<section class=\"elementor-section elementor-top-section elementor-element elementor-element-0d93385 elementor-section-boxed elementor-section-height-default elementor-section-height-default\" data-id=\"0d93385\" data-element_type=\"section\">\n\t\t\t\t\t\t<div class=\"elementor-container elementor-column-gap-wide\">\n\t\t\t\t\t\t\t<div class=\"elementor-row\">\n\t\t\t\t\t<div class=\"elementor-column elementor-col-100 elementor-top-column elementor-element elementor-element-b0fd9e7\" data-id=\"b0fd9e7\" data-element_type=\"column\">\n\t\t\t<div class=\"elementor-column-wrap elementor-element-populated\">\n\t\t\t\t\t\t\t<div class=\"elementor-widget-wrap\">\n\t\t\t\t\t\t<div class=\"elementor-element elementor-element-103de0e elementor-widget elementor-widget-text-editor\" data-id=\"103de0e\" data-element_type=\"widget\" data-widget_type=\"text-editor.default\">\n\t\t\t\t<div class=\"elementor-widget-container\">\n\t\t\t\t\t<div class=\"elementor-text-editor elementor-clearfix\"><p><span style=\"font-size: 14px; color: var( --e-global-color-text );\">Du begeisterst dich f\u00fcr Politik und Wissenstransfer und m\u00f6chtest in transnationalem Umfeld dazu beitragen, Evaluation und evidenzbasierte Entscheidungen in die Gesellschaft zu tragen? Werde Volunteer bei der Europ\u00e4ischen Akademie f\u00fcr Evaluation (engl. European Evaluation Academy \u2013 EEA)!<\/span><\/p><\/div>\n\t\t\t\t<\/div>\n\t\t\t\t<\/div>\n\t\t\t\t<div class=\"elementor-element elementor-element-2791f1c elementor-widget elementor-widget-heading\" data-id=\"2791f1c\" data-element_type=\"widget\" data-widget_type=\"heading.default\">\n\t\t\t\t<div class=\"elementor-widget-container\">\n\t\t\t<h2 class=\"elementor-heading-title elementor-size-default\">Zur Europ\u00e4ischen Akademie f\u00fcr Evaluation<\/h2>\t\t<\/div>\n\t\t\t\t<\/div>\n\t\t\t\t<div class=\"elementor-element elementor-element-1148237 elementor-widget elementor-widget-text-editor\" data-id=\"1148237\" data-element_type=\"widget\" data-widget_type=\"text-editor.default\">\n\t\t\t\t<div class=\"elementor-widget-container\">\n\t\t\t\t\t<div class=\"elementor-text-editor elementor-clearfix\"><p>L'Acad\u00e9mie Europ\u00e9enne de l'\u00c9valutation est une organisation \u00e0 but non lucratif fond\u00e9e en septembre 2020. C'est un centre de formation et de comp\u00e9tences qui promeut l'\u00e9change et le transfert de connaissances relatives \u00e0 l'\u00e9valuation \u00e0 travers l'Europe.\u00a0<\/p><p>Sie nutzen wissenschaftliches Handwerk um Potentiale von Projekten, Programmen und Politiken zu identifizieren. Die EEA setzt sich daf\u00fcr ein, dieses Berufsfeld im Sinne einer guten Evaluationspraxis transnational zu vernetzen und weiterzuentwickeln.<\/p><\/div>\n\t\t\t\t<\/div>\n\t\t\t\t<\/div>\n\t\t\t\t<div class=\"elementor-element elementor-element-251d966 elementor-widget elementor-widget-heading\" data-id=\"251d966\" data-element_type=\"widget\" data-widget_type=\"heading.default\">\n\t\t\t\t<div class=\"elementor-widget-container\">\n\t\t\t<h2 class=\"elementor-heading-title elementor-size-default\">Zur T\u00e4tigkeit<\/h2>\t\t<\/div>\n\t\t\t\t<\/div>\n\t\t\t\t<div class=\"elementor-element elementor-element-8eb3a78 elementor-widget elementor-widget-text-editor\" data-id=\"8eb3a78\" data-element_type=\"widget\" data-widget_type=\"text-editor.default\">\n\t\t\t\t<div class=\"elementor-widget-container\">\n\t\t\t\t\t<div class=\"elementor-text-editor elementor-clearfix\"><ul>\n<li>Die EEA befindet sich derzeit im Aufbau und sucht nach kreativen K\u00f6pfen, die Lust haben, an der B\u00fcndelung von Wissen und Vernetzung von Akteuren in einem zukunftsweisenden Berufsfeld mitzuwirken.\n<\/li>\n<li>Als Volunteer bei der EEA beteiligst du dich an der Entwicklung und Durchf\u00fchrung von vielf\u00e4ltigen Aktivit\u00e4ten mit Fokus auf Beratung, Vermittlung, Wissensmanagement und Vernetzung im Bereich der Evaluation.\n<\/li>\n<li>Du hast die M\u00f6glichkeit, konkrete Projekte mitzugestalten. Dabei kannst du dich mit Anforderungen an und Rahmenbedingungen der Evaluation in unterschiedlichen Politikfeldern (Kultur, Bildung, Umwelt etc.) \u2013 sowie politikfeld\u00fcbergreifend \u2013 auseinandersetzen.\n<\/li>\n<li><i style=\"font-size: 14px; color: var( --e-global-color-secondary );\"><i>Beispielsweise ist eine Mitarbeit in folgenden Projekten m\u00f6glich:<br><\/i><\/i><strong style=\"font-size: 14px; color: var( --e-global-color-secondary );\">evaluators@school:<\/strong><span style=\"font-size: 14px; color: var( --e-global-color-secondary );\"> Hier bringen wir Evaluierende mit Sch\u00fcler*innen zusammen, damit diese lernen, wo und wie Evaluation eingesetzt werden kann und sie kritisch \u00fcber die Qualit\u00e4t von Entscheidungen diskutieren k\u00f6nnen. Wenn die Sch\u00fcler*innen Lust haben, k\u00f6nnen sie eine eigene kleine Evaluation durchf\u00fchren. Das Projekt ist momentan in der Pilotphase. Daf\u00fcr brauchen wir Unterst\u00fctzung von Kommunikator*innen und Macher*innen, die Freude am Austausch mit Evaluierenden, Sch\u00fcler*innen und Lehrer*innen haben. Au\u00dferdem ben\u00f6tigen wir Verwalter*innen, die die Finanzierung und Organisation auf solide Beine stellen, und Kreative, um anspruchsvolle Inhalte zielgruppengerecht aufzuarbeiten.<br><\/span><strong style=\"font-size: 14px; color: var( --e-global-color-secondary );\">Datenbanken:<\/strong><span style=\"font-size: 14px; color: var( --e-global-color-secondary );\"> Leider gibt es viel zu wenig Austausch von Erfahrungen und Wissen \u00fcber L\u00e4nder-, Kultur- und Sprachgrenzen hinweg. Wir suchen Programmierer*innen, die uns mit ihren Kompetenzen dabei unterst\u00fctzen, \u00fcber uns hinauszuwachsen! F\u00fcr unsere Ausbildungsangebote und Projekte in internationalem Rahmen ben\u00f6tigen wir dringend Datenbanken, in denen Daten, Informationen und Wissen gesammelt, \u00fcbersetzt und zug\u00e4nglich gemacht werden. F\u00fcr unseren erfahrenen Entwickler und Programmierer suchen wir deshalb dringend tatkr\u00e4ftige Unterst\u00fctzung. Programmierer*innen, die Freude an anspruchsvollen und nachhaltigen L\u00f6sungen haben, die technisch sauber mit Open Source Technologien umgesetzt werden, sind herzlich willkommen.\n<p><\/p><\/span><\/li>\n<li>\n<p><span style=\"color: var( --e-global-color-secondary ); font-size: 14px;\">L'EEA dispose d'un bureau \u00e0 Berne et \u00e0 Berlin, depuis lequel tu peux travailler. Afin de r\u00e9pondre \u00e0 la situation sanitaire due \u00e0 l'\u00e9pid\u00e9mie de la Covid, tu peux \u00e9galement travailler depuis chez vous.<\/span><\/p>\n<\/li>\n<\/ul><\/div>\n\t\t\t\t<\/div>\n\t\t\t\t<\/div>\n\t\t\t\t<div class=\"elementor-element elementor-element-835ebef elementor-widget elementor-widget-heading\" data-id=\"835ebef\" data-element_type=\"widget\" data-widget_type=\"heading.default\">\n\t\t\t\t<div class=\"elementor-widget-container\">\n\t\t\t<h2 class=\"elementor-heading-title elementor-size-default\">Melde dich gern bei uns, wir freuen uns auf dich!<\/h2>\t\t<\/div>\n\t\t\t\t<\/div>\n\t\t\t\t<div class=\"elementor-element elementor-element-4fdaa8a elementor-widget elementor-widget-text-editor\" data-id=\"4fdaa8a\" data-element_type=\"widget\" data-widget_type=\"text-editor.default\">\n\t\t\t\t<div class=\"elementor-widget-container\">\n\t\t\t\t\t<div class=\"elementor-text-editor elementor-clearfix\"><p>Wenn du Interesse hast, dich in der Akademie einzubringen, w\u00fcrden wir uns \u00fcber eine kurze Vorstellung von dir freuen (mit Informationen \u00fcber die Gr\u00fcnde f\u00fcr das Interesse, gew\u00fcnschten Beginn sowie eventuellen Bezug und Vorerfahrungen zu Evaluation).<\/p>\n<p><b>Si tu as des questions<\/b><span style=\"font-size: 14px; color: var( --e-global-color-secondary );\"><br>Bj\u00f6rn Neuhaus (<a href=\"mailto:bjorn.neuhaus@evaluation.academy\">bjorn.neuhaus@evaluation.academy<\/a>&nbsp;| +41 31 552 19 92 oder +49 30 8093270-21)<\/span><\/p><\/div>\n\t\t\t\t<\/div>\n\t\t\t\t<\/div>\n\t\t\t\t\t\t<\/div>\n\t\t\t\t\t<\/div>\n\t\t<\/div>\n\t\t\t\t\t\t\t\t<\/div>\n\t\t\t\t\t<\/div>\n\t\t<\/section>\n\t\t\t\t\t\t<\/div>\n\t\t\t\t\t\t<\/div>\n\t\t\t\t\t<\/div>","protected":false},"excerpt":{"rendered":"<p>Volunteering Du begeisterst dich f\u00fcr Politik und Wissenstransfer und m\u00f6chtest in transnationalem Umfeld dazu beitragen, Evaluation und evidenzbasierte Entscheidungen in die Gesellschaft zu tragen? Werde Volunteer bei der Europ\u00e4ischen Akademie f\u00fcr Evaluation (engl. European Evaluation Academy \u2013 EEA)! Zur Europ\u00e4ischen Akademie f\u00fcr Evaluation Die Europ\u00e4ische Akademie f\u00fcr Evaluation wurde im September 2020 als gemeinwohlorientierte Organisation [&hellip;]<\/p>","protected":false},"author":1,"featured_media":0,"parent":0,"menu_order":0,"comment_status":"closed","ping_status":"closed","template":"","meta":{"spay_email":""},"yoast_head":"<!-- This site is optimized with the Yoast SEO plugin v15.7 - https:\/\/yoast.com\/wordpress\/plugins\/seo\/ -->\n<title>Volunteering - European Evaluation Academy EEA<\/title>\n<meta name=\"robots\" content=\"index, follow, max-snippet:-1, max-image-preview:large, max-video-preview:-1\" \/>\n<link rel=\"canonical\" href=\"https:\/\/evaluation.academy\/fr\/volunteering\/\" \/>\n<meta property=\"og:locale\" content=\"fr_FR\" \/>\n<meta property=\"og:type\" content=\"article\" \/>\n<meta property=\"og:title\" content=\"Volunteering - European Evaluation Academy EEA\" \/>\n<meta property=\"og:description\" content=\"Volunteering Du begeisterst dich f\u00fcr Politik und Wissenstransfer und m\u00f6chtest in transnationalem Umfeld dazu beitragen, Evaluation und evidenzbasierte Entscheidungen in die Gesellschaft zu tragen? Werde Volunteer bei der Europ\u00e4ischen Akademie f\u00fcr Evaluation (engl. European Evaluation Academy \u2013 EEA)! Zur Europ\u00e4ischen Akademie f\u00fcr Evaluation Die Europ\u00e4ische Akademie f\u00fcr Evaluation wurde im September 2020 als gemeinwohlorientierte Organisation [&hellip;]\" \/>\n<meta property=\"og:url\" content=\"https:\/\/evaluation.academy\/fr\/volunteering\/\" \/>\n<meta property=\"og:site_name\" content=\"European Evaluation Academy EEA\" \/>\n<meta property=\"article:modified_time\" content=\"2026-02-20T11:16:17+00:00\" \/>\n<meta name=\"twitter:card\" content=\"summary_large_image\" \/>\n<meta name=\"twitter:label1\" content=\"Dur\u00e9e de lecture est.\">\n\t<meta name=\"twitter:data1\" content=\"3 minutes\">\n<script type=\"application\/ld+json\" class=\"yoast-schema-graph\">{\"@context\":\"https:\/\/schema.org\",\"@graph\":[{\"@type\":\"WebSite\",\"@id\":\"https:\/\/evaluation.academy\/#website\",\"url\":\"https:\/\/evaluation.academy\/\",\"name\":\"European Evaluation Academy EEA\",\"description\":\"Kompetenz- und Ausbildungszentrum f\\u00fcr Evaluation\",\"potentialAction\":[{\"@type\":\"SearchAction\",\"target\":\"https:\/\/evaluation.academy\/?s={search_term_string}\",\"query-input\":\"required name=search_term_string\"}],\"inLanguage\":\"fr-FR\"},{\"@type\":\"WebPage\",\"@id\":\"https:\/\/evaluation.academy\/volunteering\/#webpage\",\"url\":\"https:\/\/evaluation.academy\/volunteering\/\",\"name\":\"Volunteering - European Evaluation Academy EEA\",\"isPartOf\":{\"@id\":\"https:\/\/evaluation.academy\/#website\"},\"datePublished\":\"2021-06-29T14:36:03+00:00\",\"dateModified\":\"2026-02-20T11:16:17+00:00\",\"inLanguage\":\"fr-FR\",\"potentialAction\":[{\"@type\":\"ReadAction\",\"target\":[\"https:\/\/evaluation.academy\/volunteering\/\"]}]}]}<\/script>\n<!-- \/ Yoast SEO plugin. -->","_links":{"self":[{"href":"https:\/\/evaluation.academy\/fr\/wp-json\/wp\/v2\/pages\/554"}],"collection":[{"href":"https:\/\/evaluation.academy\/fr\/wp-json\/wp\/v2\/pages"}],"about":[{"href":"https:\/\/evaluation.academy\/fr\/wp-json\/wp\/v2\/types\/page"}],"author":[{"embeddable":true,"href":"https:\/\/evaluation.academy\/fr\/wp-json\/wp\/v2\/users\/1"}],"replies":[{"embeddable":true,"href":"https:\/\/evaluation.academy\/fr\/wp-json\/wp\/v2\/comments?post=554"}],"version-history":[{"count":17,"href":"https:\/\/evaluation.academy\/fr\/wp-json\/wp\/v2\/pages\/554\/revisions"}],"predecessor-version":[{"id":623,"href":"https:\/\/evaluation.academy\/fr\/wp-json\/wp\/v2\/pages\/554\/revisions\/623"}],"wp:attachment":[{"href":"https:\/\/evaluation.academy\/fr\/wp-json\/wp\/v2\/media?parent=554"}],"curies":[{"name":"wp","href":"https:\/\/api.w.org\/{rel}","templated":true}]}}